{"id":471,"date":"2016-07-29T11:34:52","date_gmt":"2016-07-29T09:34:52","guid":{"rendered":"http:\/\/camdulac.novae-developpement.com\/?page_id=471&#038;lang=en"},"modified":"2025-10-06T17:42:57","modified_gmt":"2025-10-06T15:42:57","slug":"home-2","status":"publish","type":"page","link":"https:\/\/www.camping-du-lac-pyrenees.com\/en\/","title":{"rendered":"Home"},"content":{"rendered":"<div class=\"wpb-content-wrapper\"><p>[vc_row margin_bottom=&#8221;50&#8243; el_class=&#8221;no_padding&#8221;][vc_column width=&#8221;1\/2&#8243;][vc_video link=&#8221;https:\/\/www.youtube.com\/watch?v=-mfMWYITd3U&#8221; align=&#8221;center&#8221;][vc_column_text css=&#8221;&#8221;]<img loading=\"lazy\" decoding=\"async\" class=\"alignnone wp-image-4098\" src=\"https:\/\/www.camping-du-lac-pyrenees.com\/wp-content\/uploads\/unnamed-1.jpg\" alt=\"\" width=\"366\" height=\"160\" \/><\/p>\n<p>Walking in the National Park<\/p>\n<h3 style=\"text-align: center;\"><strong>Booking 2026\u00a0 \u00a0 \u00a0!\u00a0<\/strong><\/h3>\n<p><a href=\"https:\/\/naxiresa.inaxel.com\/etape1-criteres.php?lang=2&amp;compte=lac65\"><img loading=\"lazy\" decoding=\"async\" class=\"wp-image-5843 aligncenter\" src=\"https:\/\/www.camping-du-lac-pyrenees.com\/wp-content\/uploads\/book4.png\" alt=\"\" width=\"110\" height=\"110\" \/><\/a><\/p>\n<p>&nbsp;<\/p>\n<h5><\/h5>\n<p>Campsite in the heart of Pyrenees !<\/p>\n<p>Here enjoy the fresh air<\/p>\n<p><strong><img loading=\"lazy\" decoding=\"async\" class=\"alignnone wp-image-5918\" src=\"https:\/\/www.camping-du-lac-pyrenees.com\/wp-content\/uploads\/2024-vue-aerienne.jpg\" alt=\"\" width=\"390\" height=\"190\" \/><\/strong><\/p>\n<p>&nbsp;<\/p>\n<p><strong>On site : SNACK, BAR, TAKE AWAY bread and breakfast every morning : enjoy our terrace with a view on the valley !<\/strong><\/p>\n<p>&nbsp;<\/p>\n<div id=\"attachment_5624\" style=\"width: 195px\" class=\"wp-caption alignnone\"><img loading=\"lazy\" decoding=\"async\" aria-describedby=\"caption-attachment-5624\" class=\" wp-image-5624\" src=\"https:\/\/www.camping-du-lac-pyrenees.com\/wp-content\/uploads\/terrasse-du-lac.jpg\" alt=\"\" width=\"185\" height=\"104\" \/><p id=\"caption-attachment-5624\" class=\"wp-caption-text\">Restaurant<\/p><\/div>\n<p>[\/vc_column_text][\/vc_column][vc_column width=&#8221;1\/2&#8243; el_class=&#8221;box_camdulac&#8221;][vc_column_text]<\/p>\n<h1>Campsite in the French Pyrenees !<\/h1>\n<p><img loading=\"lazy\" decoding=\"async\" class=\" wp-image-2910 alignleft\" src=\"https:\/\/www.camping-du-lac-pyrenees.com\/wp-content\/uploads\/piscine2017-300x184.jpg\" alt=\"\" width=\"272\" height=\"167\" srcset=\"https:\/\/www.camping-du-lac-pyrenees.com\/wp-content\/uploads\/piscine2017-300x184.jpg 300w, https:\/\/www.camping-du-lac-pyrenees.com\/wp-content\/uploads\/piscine2017-768x472.jpg 768w, https:\/\/www.camping-du-lac-pyrenees.com\/wp-content\/uploads\/piscine2017-1024x629.jpg 1024w, https:\/\/www.camping-du-lac-pyrenees.com\/wp-content\/uploads\/piscine2017.jpg 1758w\" sizes=\"auto, (max-width: 272px) 100vw, 272px\" \/><\/p>\n<p style=\"text-align: center;\">\u00a0At the foot of the spectacular National Park,<\/p>\n<p style=\"text-align: center;\">facing an artificial lake for fishing,<\/p>\n<p style=\"text-align: center;\">the \u201cCamping du Lac\u201d offers you a quiet place in a lovely park.<\/p>\n<p style=\"text-align: center;\">Nice mountain view await you !<\/p>\n<p>&nbsp;<\/p>\n<p style=\"text-align: center;\">\u00a0 \u00a0 \u00a0 \u00a0Enjoy your summer vacations with\u00a0 very large size of pitches<\/p>\n<p>&nbsp;<\/p>\n<p><img loading=\"lazy\" decoding=\"async\" class=\" wp-image-3159 alignleft\" src=\"https:\/\/www.camping-du-lac-pyrenees.com\/wp-content\/uploads\/devant1-300x225.jpg\" alt=\"\" width=\"276\" height=\"207\" srcset=\"https:\/\/www.camping-du-lac-pyrenees.com\/wp-content\/uploads\/devant1-300x225.jpg 300w, https:\/\/www.camping-du-lac-pyrenees.com\/wp-content\/uploads\/devant1-768x576.jpg 768w, https:\/\/www.camping-du-lac-pyrenees.com\/wp-content\/uploads\/devant1-1024x768.jpg 1024w\" sizes=\"auto, (max-width: 276px) 100vw, 276px\" \/><\/p>\n<p>&nbsp;<\/p>\n<p style=\"text-align: center;\">Our family cosy campsite is in the heart of the Pyrenees in the middle of the best known sites : Gavarnie, Pont d&#8217;Espagne Cauterets, the very nice &#8220;valley of Azun&#8221;&#8230;<\/p>\n<ul>\n<li style=\"text-align: center;\">\u00a0And the famous mountain tops of\u00a0\u00a0\u00a0&#8220;the Tour of France&#8221; all around it : \u00a0Aubisque, Tourmalet, Aspin&#8230;<\/li>\n<\/ul>\n<p style=\"text-align: center;\">So much to see and do !<\/p>\n<h3 style=\"text-align: center;\"><img loading=\"lazy\" decoding=\"async\" class=\"alignnone wp-image-4373\" src=\"https:\/\/www.camping-du-lac-pyrenees.com\/wp-content\/uploads\/cadrelac21.jpg\" alt=\"\" width=\"427\" height=\"303\" \/><\/h3>\n<p>[\/vc_column_text][\/vc_column][\/vc_row][vc_row margin_top=&#8221;80&#8243; margin_bottom=&#8221;-50&#8243; full_width=&#8221;true&#8221; el_class=&#8221;no_padding&#8221;][vc_column width=&#8221;1\/2&#8243; css=&#8221;.vc_custom_1469631409940{margin-right: 0px !important;margin-left: 0px !important;padding-right: 0px !important;padding-left: 0px !important;}&#8221;]<div class=\"shortcode-banner\" style=\"min-height: 450px;background-image: url(https:\/\/www.camping-du-lac-pyrenees.com\/wp-content\/uploads\/chalet.jpg)\"><div class=\"shortcode-banner-bg wf-table\" style=\"padding: 0px;min-height: 450px\"><div class=\"shortcode-banner-inside wf-table text-big\" style=\"background-color: rgb(0,0,0);background-color: rgba(0,0,0,0.35);border: solid 0px transparent;outline: solid 0px;outline-color: #ffffff;height: 450px\"><div><h2 style=\"text-align: right;\">Discover Our<br \/>\n<strong>Chalets<\/strong><\/h2>\n<p style=\"text-align: right;\"><a href=\"\/en\/chalets\/\">Our Chalets<\/a>\u00a0<a href=\"\/en\/prices-booking-chalets\/\">Prices &amp; Booking chalets<\/a><\/p>\n<\/div><\/div><\/div><\/div>[\/vc_column][vc_column width=&#8221;1\/2&#8243; css=&#8221;.vc_custom_1469631459817{margin-right: 0px !important;margin-left: 0px !important;padding-right: 0px !important;padding-left: 0px !important;}&#8221;]<div class=\"shortcode-banner\" style=\"min-height: 450px\"><div class=\"shortcode-banner-bg wf-table\" style=\"padding: 0px;min-height: 450px\"><div class=\"shortcode-banner-inside wf-table text-big\" style=\"background-color: rgb(0,0,0);background-color: rgba(0,0,0,0.35);border: solid 0px transparent;outline: solid 0px;outline-color: #ffffff;height: 450px\"><div><h2><img loading=\"lazy\" decoding=\"async\" class=\"alignnone size-full wp-image-4154\" src=\"https:\/\/www.camping-du-lac-pyrenees.com\/wp-content\/uploads\/emplacement.jpg\" alt=\"\" width=\"1130\" height=\"579\" \/>Book your<br \/>\n<strong>Touring pitches<\/strong><\/h2>\n<p><a href=\"https:\/\/www.camping-du-lac-pyrenees.com\/en\/touring-pitches\/\">Touring pitches<\/a> <a href=\"https:\/\/www.camping-du-lac-pyrenees.com\/en\/prices-booking-touring-pitches\/\">Prices &amp; Booking Touring pitches<\/a><\/p>\n<\/div><\/div><\/div><\/div>[\/vc_column][\/vc_row]<\/p>\n<\/div>","protected":false},"excerpt":{"rendered":"<p>[vc_row margin_bottom=&#8221;50&#8243; el_class=&#8221;no_padding&#8221;][vc_column width=&#8221;1\/2&#8243;][vc_video link=&#8221;https:\/\/www.youtube.com\/watch?v=-mfMWYITd3U&#8221; align=&#8221;center&#8221;][vc_column_text css=&#8221;&#8221;] Walking in the National Park Booking 2026\u00a0 \u00a0 \u00a0!\u00a0 &nbsp; Campsite in the heart of Pyrenees ! Here enjoy the fresh air &nbsp; On site : SNACK, BAR, TAKE AWAY bread and breakfast every morning : enjoy our terrace with a view on the valley ! &nbsp; [\/vc_column_text][\/vc_column][vc_column&hellip;<\/p>\n","protected":false},"author":1,"featured_media":0,"parent":0,"menu_order":0,"comment_status":"closed","ping_status":"closed","template":"","meta":{"footnotes":""},"class_list":["post-471","page","type-page","status-publish","hentry","description-off"],"yoast_head":"<!-- This site is optimized with the Yoast SEO plugin v24.5 - https:\/\/yoast.com\/wordpress\/plugins\/seo\/ -->\n<title>Home - Camping du lac Argel\u00e8s-Gazost Hautes Pyren\u00e9es.<\/title>\n<meta name=\"description\" content=\"Big size of pitches in the Pyrenees. Escape to a haven of tranquility !\" \/>\n<meta name=\"robots\" content=\"index, follow, max-snippet:-1, max-image-preview:large, max-video-preview:-1\" \/>\n<link rel=\"canonical\" href=\"https:\/\/www.camping-du-lac-pyrenees.com\/en\/\" \/>\n<meta property=\"og:locale\" content=\"en_US\" \/>\n<meta property=\"og:type\" content=\"article\" \/>\n<meta property=\"og:title\" content=\"Home - Camping du lac Argel\u00e8s-Gazost Hautes Pyren\u00e9es.\" \/>\n<meta property=\"og:description\" content=\"Big size of pitches in the Pyrenees. Escape to a haven of tranquility !\" \/>\n<meta property=\"og:url\" content=\"https:\/\/www.camping-du-lac-pyrenees.com\/en\/\" \/>\n<meta property=\"og:site_name\" content=\"Camping du lac Argel\u00e8s-Gazost\" \/>\n<meta property=\"article:modified_time\" content=\"2025-10-06T15:42:57+00:00\" \/>\n<meta property=\"og:image\" content=\"https:\/\/www.camping-du-lac-pyrenees.com\/wp-content\/uploads\/unnamed-1.jpg\" \/>\n\t<meta property=\"og:image:width\" content=\"512\" \/>\n\t<meta property=\"og:image:height\" content=\"224\" \/>\n\t<meta property=\"og:image:type\" content=\"image\/jpeg\" \/>\n<meta name=\"twitter:card\" content=\"summary_large_image\" \/>\n<meta name=\"twitter:label1\" content=\"Est. reading time\" \/>\n\t<meta name=\"twitter:data1\" content=\"3 minutes\" \/>\n<script type=\"application\/ld+json\" class=\"yoast-schema-graph\">{\"@context\":\"https:\/\/schema.org\",\"@graph\":[{\"@type\":\"WebPage\",\"@id\":\"https:\/\/www.camping-du-lac-pyrenees.com\/en\/\",\"url\":\"https:\/\/www.camping-du-lac-pyrenees.com\/en\/\",\"name\":\"Home - Camping du lac Argel\u00e8s-Gazost Hautes Pyren\u00e9es.\",\"isPartOf\":{\"@id\":\"https:\/\/www.camping-du-lac-pyrenees.com\/#website\"},\"primaryImageOfPage\":{\"@id\":\"https:\/\/www.camping-du-lac-pyrenees.com\/en\/#primaryimage\"},\"image\":{\"@id\":\"https:\/\/www.camping-du-lac-pyrenees.com\/en\/#primaryimage\"},\"thumbnailUrl\":\"https:\/\/www.camping-du-lac-pyrenees.com\/wp-content\/uploads\/unnamed-1.jpg\",\"datePublished\":\"2016-07-29T09:34:52+00:00\",\"dateModified\":\"2025-10-06T15:42:57+00:00\",\"description\":\"Big size of pitches in the Pyrenees. Escape to a haven of tranquility !\",\"breadcrumb\":{\"@id\":\"https:\/\/www.camping-du-lac-pyrenees.com\/en\/#breadcrumb\"},\"inLanguage\":\"en-US\",\"potentialAction\":[{\"@type\":\"ReadAction\",\"target\":[\"https:\/\/www.camping-du-lac-pyrenees.com\/en\/\"]}]},{\"@type\":\"ImageObject\",\"inLanguage\":\"en-US\",\"@id\":\"https:\/\/www.camping-du-lac-pyrenees.com\/en\/#primaryimage\",\"url\":\"https:\/\/www.camping-du-lac-pyrenees.com\/wp-content\/uploads\/unnamed-1.jpg\",\"contentUrl\":\"https:\/\/www.camping-du-lac-pyrenees.com\/wp-content\/uploads\/unnamed-1.jpg\"},{\"@type\":\"BreadcrumbList\",\"@id\":\"https:\/\/www.camping-du-lac-pyrenees.com\/en\/#breadcrumb\",\"itemListElement\":[{\"@type\":\"ListItem\",\"position\":1,\"name\":\"Accueil\",\"item\":\"https:\/\/www.camping-du-lac-pyrenees.com\/en\/\"},{\"@type\":\"ListItem\",\"position\":2,\"name\":\"Home\"}]},{\"@type\":\"WebSite\",\"@id\":\"https:\/\/www.camping-du-lac-pyrenees.com\/#website\",\"url\":\"https:\/\/www.camping-du-lac-pyrenees.com\/\",\"name\":\"Camping du lac Argel\u00e8s-Gazost\",\"description\":\"Hautes-Pyr\u00e9n\u00e9es\",\"potentialAction\":[{\"@type\":\"SearchAction\",\"target\":{\"@type\":\"EntryPoint\",\"urlTemplate\":\"https:\/\/www.camping-du-lac-pyrenees.com\/?s={search_term_string}\"},\"query-input\":{\"@type\":\"PropertyValueSpecification\",\"valueRequired\":true,\"valueName\":\"search_term_string\"}}],\"inLanguage\":\"en-US\"}]}<\/script>\n<!-- \/ Yoast SEO plugin. -->","yoast_head_json":{"title":"Home - Camping du lac Argel\u00e8s-Gazost Hautes Pyren\u00e9es.","description":"Big size of pitches in the Pyrenees. Escape to a haven of tranquility !","robots":{"index":"index","follow":"follow","max-snippet":"max-snippet:-1","max-image-preview":"max-image-preview:large","max-video-preview":"max-video-preview:-1"},"canonical":"https:\/\/www.camping-du-lac-pyrenees.com\/en\/","og_locale":"en_US","og_type":"article","og_title":"Home - Camping du lac Argel\u00e8s-Gazost Hautes Pyren\u00e9es.","og_description":"Big size of pitches in the Pyrenees. Escape to a haven of tranquility !","og_url":"https:\/\/www.camping-du-lac-pyrenees.com\/en\/","og_site_name":"Camping du lac Argel\u00e8s-Gazost","article_modified_time":"2025-10-06T15:42:57+00:00","og_image":[{"width":512,"height":224,"url":"https:\/\/www.camping-du-lac-pyrenees.com\/wp-content\/uploads\/unnamed-1.jpg","type":"image\/jpeg"}],"twitter_card":"summary_large_image","twitter_misc":{"Est. reading time":"3 minutes"},"schema":{"@context":"https:\/\/schema.org","@graph":[{"@type":"WebPage","@id":"https:\/\/www.camping-du-lac-pyrenees.com\/en\/","url":"https:\/\/www.camping-du-lac-pyrenees.com\/en\/","name":"Home - Camping du lac Argel\u00e8s-Gazost Hautes Pyren\u00e9es.","isPartOf":{"@id":"https:\/\/www.camping-du-lac-pyrenees.com\/#website"},"primaryImageOfPage":{"@id":"https:\/\/www.camping-du-lac-pyrenees.com\/en\/#primaryimage"},"image":{"@id":"https:\/\/www.camping-du-lac-pyrenees.com\/en\/#primaryimage"},"thumbnailUrl":"https:\/\/www.camping-du-lac-pyrenees.com\/wp-content\/uploads\/unnamed-1.jpg","datePublished":"2016-07-29T09:34:52+00:00","dateModified":"2025-10-06T15:42:57+00:00","description":"Big size of pitches in the Pyrenees. Escape to a haven of tranquility !","breadcrumb":{"@id":"https:\/\/www.camping-du-lac-pyrenees.com\/en\/#breadcrumb"},"inLanguage":"en-US","potentialAction":[{"@type":"ReadAction","target":["https:\/\/www.camping-du-lac-pyrenees.com\/en\/"]}]},{"@type":"ImageObject","inLanguage":"en-US","@id":"https:\/\/www.camping-du-lac-pyrenees.com\/en\/#primaryimage","url":"https:\/\/www.camping-du-lac-pyrenees.com\/wp-content\/uploads\/unnamed-1.jpg","contentUrl":"https:\/\/www.camping-du-lac-pyrenees.com\/wp-content\/uploads\/unnamed-1.jpg"},{"@type":"BreadcrumbList","@id":"https:\/\/www.camping-du-lac-pyrenees.com\/en\/#breadcrumb","itemListElement":[{"@type":"ListItem","position":1,"name":"Accueil","item":"https:\/\/www.camping-du-lac-pyrenees.com\/en\/"},{"@type":"ListItem","position":2,"name":"Home"}]},{"@type":"WebSite","@id":"https:\/\/www.camping-du-lac-pyrenees.com\/#website","url":"https:\/\/www.camping-du-lac-pyrenees.com\/","name":"Camping du lac Argel\u00e8s-Gazost","description":"Hautes-Pyr\u00e9n\u00e9es","potentialAction":[{"@type":"SearchAction","target":{"@type":"EntryPoint","urlTemplate":"https:\/\/www.camping-du-lac-pyrenees.com\/?s={search_term_string}"},"query-input":{"@type":"PropertyValueSpecification","valueRequired":true,"valueName":"search_term_string"}}],"inLanguage":"en-US"}]}},"_links":{"self":[{"href":"https:\/\/www.camping-du-lac-pyrenees.com\/en\/wp-json\/wp\/v2\/pages\/471","targetHints":{"allow":["GET"]}}],"collection":[{"href":"https:\/\/www.camping-du-lac-pyrenees.com\/en\/wp-json\/wp\/v2\/pages"}],"about":[{"href":"https:\/\/www.camping-du-lac-pyrenees.com\/en\/wp-json\/wp\/v2\/types\/page"}],"author":[{"embeddable":true,"href":"https:\/\/www.camping-du-lac-pyrenees.com\/en\/wp-json\/wp\/v2\/users\/1"}],"replies":[{"embeddable":true,"href":"https:\/\/www.camping-du-lac-pyrenees.com\/en\/wp-json\/wp\/v2\/comments?post=471"}],"version-history":[{"count":54,"href":"https:\/\/www.camping-du-lac-pyrenees.com\/en\/wp-json\/wp\/v2\/pages\/471\/revisions"}],"predecessor-version":[{"id":6227,"href":"https:\/\/www.camping-du-lac-pyrenees.com\/en\/wp-json\/wp\/v2\/pages\/471\/revisions\/6227"}],"wp:attachment":[{"href":"https:\/\/www.camping-du-lac-pyrenees.com\/en\/wp-json\/wp\/v2\/media?parent=471"}],"curies":[{"name":"wp","href":"https:\/\/api.w.org\/{rel}","templated":true}]}}