{"id":514,"date":"2016-08-01T17:42:06","date_gmt":"2016-08-01T15:42:06","guid":{"rendered":"http:\/\/camdulac.novae-developpement.com\/en\/?page_id=514"},"modified":"2026-03-10T08:34:14","modified_gmt":"2026-03-10T07:34:14","slug":"prices-booking-touring-pitches","status":"publish","type":"page","link":"https:\/\/www.camping-du-lac-pyrenees.com\/en\/prices-booking-touring-pitches\/","title":{"rendered":"Prices &#038; Booking touring pitches"},"content":{"rendered":"<div class=\"wpb-content-wrapper\"><p>[vc_row][vc_column el_class=&#8221;box_camdulac&#8221;][vc_column_text]<\/p>\n<h1>Camping du Lac France Pyrenees<\/h1>\n<h1>Prices &amp; Booking touring pitches<\/h1>\n<p>[\/vc_column_text][vc_empty_space height=&#8221;20px&#8221;][vc_row_inner][vc_column_inner width=&#8221;3\/4&#8243;][vc_btn title=&#8221;Online booking&#8221; style=&#8221;3d&#8221; color=&#8221;sandy-brown&#8221; align=&#8221;center&#8221; link=&#8221;url:https%3A%2F%2Fnaxiresa.inaxel.com%2Fetape1-criteres.php%3Flang%3D2%26compte%3Dlac65||target:%20_blank|&#8221; el_class=&#8221;btn_camping reservation&#8221;][vc_column_text]<\/p>\n<h3 style=\"text-align: center;\"><\/h3>\n<p>&nbsp;<\/p>\n<p>\n<table id=\"tablepress-4\" class=\"tablepress tablepress-id-4 price-table tbody-has-connected-cells\">\n<tbody class=\"row-striping\">\n<tr class=\"row-1\">\n\t<td rowspan=\"2\" class=\"column-1\">PRICES : 2026<br \/>\nper night ( 1pm to 12<br \/>\nHIGH SEASON<\/td><td class=\"column-2\"><a href=\"https:\/\/naxiresa.inaxel.com\/etape1-criteres.php?lang=2&amp;compte=lac65\"> BOOKING \/ CLICK HERE <\/a><\/td><td class=\"column-3\"><a href=\"https:\/\/naxiresa.inaxel.com\/etape1-criteres.php?lang=2&amp;compte=lac65\"> BOOKING \/ CLICK HERE <\/a><\/td><td class=\"column-4\"><a href=\"https:\/\/naxiresa.inaxel.com\/etape1-criteres.php?lang=2&amp;compte=lac65\"> BOOKING \/ CLICK HERE <\/a><\/td><td class=\"column-5\"><a href=\"https:\/\/naxiresa.inaxel.com\/etape1-criteres.php?lang=2&amp;compte=lac65\"> BOOKING \/ CLICK HERE <\/a><\/td>\n<\/tr>\n<tr class=\"row-2\">\n\t<td class=\"column-2\"><strong>01\/06 - 05\/07<br \/>\n30\/08-15\/09<\/strong><br \/>\n<a href=\"https:\/\/naxiresa.inaxel.com\/etape1-criteres.php?lang=2&amp;compte=lac65\">BOOKING<\/a><\/td><td class=\"column-3\"><strong>05\/07-12\/07<br \/>\n23\/08-31\/08<strong><br \/>\n<a href=\"https:\/\/naxiresa.inaxel.com\/etape1-criteres.php?lang=2&amp;compte=lac65\">BOOKING<\/a><\/td><td class=\"column-4\"><strong>12\/07-16\/07<br \/>\n17\/08-23\/08<br \/>\n<a href=\"https:\/\/naxiresa.inaxel.com\/etape1-criteres.php?lang=2&amp;compte=lac65\">BOOKING<\/a><strong><\/td><td class=\"column-5\"><strong>16\/07-17\/08 <strong><br \/>\n<br \/>\n<a href=\"https:\/\/naxiresa.inaxel.com\/etape1-criteres.php?lang=2&amp;compte=lac65\">BOOKING<\/a><\/td>\n<\/tr>\n<tr class=\"row-3\">\n\t<td class=\"column-1\">Over all charge 2 persons +  1 tent or caravan + 1 car)<\/td><td class=\"column-2\">18 \u20ac<\/td><td class=\"column-3\">24  \u20ac<br \/>\n<\/td><td class=\"column-4\">32 \u20ac<\/td><td class=\"column-5\">38.50 \u20ac<\/td>\n<\/tr>\n<tr class=\"row-4\">\n\t<td class=\"column-1\">2 persons + 1 motorhome<\/td><td class=\"column-2\">17.50\u20ac<\/td><td class=\"column-3\">23 \u20ac<\/td><td class=\"column-4\">32 \u20ac<\/td><td class=\"column-5\">38.50 \u20ac<\/td>\n<\/tr>\n<tr class=\"row-5\">\n\t<td class=\"column-1\">Additional person (from 7 years)<\/td><td class=\"column-2\">5.90 \u20ac<\/td><td class=\"column-3\">6.00 \u20ac<\/td><td class=\"column-4\">6.20 \u20ac<\/td><td class=\"column-5\">7.10 \u20ac<\/td>\n<\/tr>\n<tr class=\"row-6\">\n\t<td class=\"column-1\">Child between 1 and 6 years included<\/td><td class=\"column-2\">4.20 \u20ac<\/td><td class=\"column-3\">4.90 \u20ac<\/td><td class=\"column-4\">5.70 \u20ac<\/td><td class=\"column-5\">6.50\u20ac<\/td>\n<\/tr>\n<tr class=\"row-7\">\n\t<td class=\"column-1\">2 pers +pitch + 3 A<br \/>\n2 pers+ 1 pitch + 5A<br \/>\n2 pers+1 pitch +10A<\/td><td class=\"column-2\">3 amps free<br \/>\n5 amps free<br \/>\n10 amps 1.50 \u20ac \/ day<\/td><td class=\"column-3\">27 \u20ac<br \/>\n28.60 \u20ac<br \/>\n29.60 \u20ac<\/td><td class=\"column-4\">35 \u20ac<br \/>\n36.60 \u20ac<br \/>\n37.60 \u20ac<\/td><td class=\"column-5\">41.50 \u20ac<br \/>\n43.10 \u20ac<br \/>\n44.10 \u20ac<\/td>\n<\/tr>\n<tr class=\"row-8\">\n\t<td class=\"column-1\">Renting a fridge 48 l.<br \/>\nGuarantee : 50\u20ac<\/td><td class=\"column-2\">5.60 \u20ac<\/td><td class=\"column-3\">5.60 \u20ac<\/td><td class=\"column-4\">5.60 \u20ac<\/td><td class=\"column-5\">5.60 \u20ac<\/td>\n<\/tr>\n<tr class=\"row-9\">\n\t<td class=\"column-1\">Additional car<\/td><td class=\"column-2\">2.50 \u20ac<\/td><td class=\"column-3\">2.50 \u20ac<\/td><td class=\"column-4\">2.50 \u20ac<\/td><td class=\"column-5\">2.50 \u20ac<\/td>\n<\/tr>\n<tr class=\"row-10\">\n\t<td class=\"column-1\">Dog<\/td><td class=\"column-2\">3.00  \u20ac<\/td><td class=\"column-3\">3.00 \u20ac<\/td><td class=\"column-4\">3.00  \u20ac<\/td><td class=\"column-5\">3.50 \u20ac<\/td>\n<\/tr>\n<\/tbody>\n<\/table>\n<!-- #tablepress-4 from cache -->[\/vc_column_text][vc_empty_space height=&#8221;20px&#8221;][vc_column_text][\/vc_column_text][vc_empty_space height=&#8221;20px&#8221;][vc_column_text]Taxes\u00a0: 0.86 \u20ac \/ person (+ 18 years old)\u00a0 per day.<br \/>\nOver all charge 2 persons + 1 pitch (Pitch = 1 tent or caravan + 1 car).[\/vc_column_text][\/vc_column_inner][vc_column_inner width=&#8221;1\/4&#8243; css=&#8221;.vc_custom_1469720897312{margin-right: 0px !important;margin-left: 0px !important;padding-right: 0px !important;padding-left: 0px !important;}&#8221;][vc_media_grid element_width=&#8221;12&#8243; gap=&#8221;10&#8243; item=&#8221;masonryMedia_Default&#8221; css=&#8221;&#8221; grid_id=&#8221;vc_gid:1773128030925-5a88abc8-3e0b-0&#8243; include=&#8221;6255,1399&#8243;][vc_single_image image=&#8221;813&#8243; alignment=&#8221;center&#8221;][vc_single_image image=&#8221;1268&#8243; alignment=&#8221;center&#8221;][\/vc_column_inner][\/vc_row_inner][vc_empty_space height=&#8221;20px&#8221;]<div class=\"hr-thin style-line\" style=\"width: 100%;\"><\/div>[vc_empty_space height=&#8221;20px&#8221;][vc_row_inner][vc_column_inner][vc_column_text]<b>Very easy with a caravan or camper. Just follow this way<\/b> :<\/p>\n<ol>\n<li>FROM LOURDES : FOLLOW ARGELES GAZOST TO BE ON A VIADUC<\/li>\n<li>GO STRAIGHT ON TO A ROUDABOUT. HERE ON THE RIGHT FOLLOW\u00a0 &#8221; ARGELES- CAUTERETS&#8221;<\/li>\n<li>FOLLOW TO THE OTHER ROUNDABOUT. HERE ON YOUR LINKS DIRECTION &#8220;PIEREFITTE-CAUTERETS&#8221;<\/li>\n<li>ALWAYS STRAIGHT ON (pass a little round about)<\/li>\n<li>NOW ANOTHER ROUND ABOUT : FOLLOW DIRECTION ARCIZANS AVANT THEN FOLLOW ARCIZANS AVANT BUT VIA SAINT SAVIN IT IS SIGNED POSTED. WELCOME !<\/li>\n<\/ol>\n<p>[\/vc_column_text][\/vc_column_inner][\/vc_row_inner][\/vc_column][\/vc_row]<\/p>\n<\/div>","protected":false},"excerpt":{"rendered":"<p>[vc_row][vc_column el_class=&#8221;box_camdulac&#8221;][vc_column_text] Camping du Lac France Pyrenees Prices &amp; Booking touring pitches [\/vc_column_text][vc_empty_space height=&#8221;20px&#8221;][vc_row_inner][vc_column_inner width=&#8221;3\/4&#8243;][vc_btn title=&#8221;Online booking&#8221; style=&#8221;3d&#8221; color=&#8221;sandy-brown&#8221; align=&#8221;center&#8221; link=&#8221;url:https%3A%2F%2Fnaxiresa.inaxel.com%2Fetape1-criteres.php%3Flang%3D2%26compte%3Dlac65||target:%20_blank|&#8221; el_class=&#8221;btn_camping reservation&#8221;][vc_column_text] &nbsp; [\/vc_column_text][vc_empty_space height=&#8221;20px&#8221;][vc_column_text][\/vc_column_text][vc_empty_space height=&#8221;20px&#8221;][vc_column_text]Taxes\u00a0: 0.86 \u20ac \/ person (+ 18 years old)\u00a0 per day. Over all charge 2 persons + 1 pitch (Pitch = 1 tent or caravan + 1 car).[\/vc_column_text][\/vc_column_inner][vc_column_inner width=&#8221;1\/4&#8243;&hellip;<\/p>\n","protected":false},"author":1,"featured_media":0,"parent":0,"menu_order":0,"comment_status":"closed","ping_status":"closed","template":"","meta":{"footnotes":""},"class_list":["post-514","page","type-page","status-publish","hentry","description-off"],"yoast_head":"<!-- This site is optimized with the Yoast SEO plugin v24.5 - https:\/\/yoast.com\/wordpress\/plugins\/seo\/ -->\n<title>Prices &amp; Booking touring pitches - Camping du lac Argel\u00e8s-Gazost<\/title>\n<meta name=\"robots\" content=\"index, follow, max-snippet:-1, max-image-preview:large, max-video-preview:-1\" \/>\n<link rel=\"canonical\" href=\"https:\/\/www.camping-du-lac-pyrenees.com\/en\/prices-booking-touring-pitches\/\" \/>\n<meta property=\"og:locale\" content=\"en_US\" \/>\n<meta property=\"og:type\" content=\"article\" \/>\n<meta property=\"og:title\" content=\"Prices &amp; Booking touring pitches - Camping du lac Argel\u00e8s-Gazost\" \/>\n<meta property=\"og:description\" content=\"[vc_row][vc_column el_class=&#8221;box_camdulac&#8221;][vc_column_text] Camping du Lac France Pyrenees Prices &amp; Booking touring pitches [\/vc_column_text][vc_empty_space height=&#8221;20px&#8221;][vc_row_inner][vc_column_inner width=&#8221;3\/4&#8243;][vc_btn title=&#8221;Online booking&#8221; style=&#8221;3d&#8221; color=&#8221;sandy-brown&#8221; align=&#8221;center&#8221; link=&#8221;url:https%3A%2F%2Fnaxiresa.inaxel.com%2Fetape1-criteres.php%3Flang%3D2%26compte%3Dlac65||target:%20_blank|&#8221; el_class=&#8221;btn_camping reservation&#8221;][vc_column_text] &nbsp; [\/vc_column_text][vc_empty_space height=&#8221;20px&#8221;][vc_column_text][\/vc_column_text][vc_empty_space height=&#8221;20px&#8221;][vc_column_text]Taxes\u00a0: 0.86 \u20ac \/ person (+ 18 years old)\u00a0 per day. Over all charge 2 persons + 1 pitch (Pitch = 1 tent or caravan + 1 car).[\/vc_column_text][\/vc_column_inner][vc_column_inner width=&#8221;1\/4&#8243;&hellip;\" \/>\n<meta property=\"og:url\" content=\"https:\/\/www.camping-du-lac-pyrenees.com\/en\/prices-booking-touring-pitches\/\" \/>\n<meta property=\"og:site_name\" content=\"Camping du lac Argel\u00e8s-Gazost\" \/>\n<meta property=\"article:modified_time\" content=\"2026-03-10T07:34:14+00:00\" \/>\n<meta name=\"twitter:card\" content=\"summary_large_image\" \/>\n<meta name=\"twitter:label1\" content=\"Est. reading time\" \/>\n\t<meta name=\"twitter:data1\" content=\"2 minutes\" \/>\n<script type=\"application\/ld+json\" class=\"yoast-schema-graph\">{\"@context\":\"https:\/\/schema.org\",\"@graph\":[{\"@type\":\"WebPage\",\"@id\":\"https:\/\/www.camping-du-lac-pyrenees.com\/en\/prices-booking-touring-pitches\/\",\"url\":\"https:\/\/www.camping-du-lac-pyrenees.com\/en\/prices-booking-touring-pitches\/\",\"name\":\"Prices & Booking touring pitches - Camping du lac Argel\u00e8s-Gazost\",\"isPartOf\":{\"@id\":\"https:\/\/www.camping-du-lac-pyrenees.com\/#website\"},\"datePublished\":\"2016-08-01T15:42:06+00:00\",\"dateModified\":\"2026-03-10T07:34:14+00:00\",\"breadcrumb\":{\"@id\":\"https:\/\/www.camping-du-lac-pyrenees.com\/en\/prices-booking-touring-pitches\/#breadcrumb\"},\"inLanguage\":\"en-US\",\"potentialAction\":[{\"@type\":\"ReadAction\",\"target\":[\"https:\/\/www.camping-du-lac-pyrenees.com\/en\/prices-booking-touring-pitches\/\"]}]},{\"@type\":\"BreadcrumbList\",\"@id\":\"https:\/\/www.camping-du-lac-pyrenees.com\/en\/prices-booking-touring-pitches\/#breadcrumb\",\"itemListElement\":[{\"@type\":\"ListItem\",\"position\":1,\"name\":\"Accueil\",\"item\":\"https:\/\/www.camping-du-lac-pyrenees.com\/en\/\"},{\"@type\":\"ListItem\",\"position\":2,\"name\":\"Prices &#038; Booking touring pitches\"}]},{\"@type\":\"WebSite\",\"@id\":\"https:\/\/www.camping-du-lac-pyrenees.com\/#website\",\"url\":\"https:\/\/www.camping-du-lac-pyrenees.com\/\",\"name\":\"Camping du lac Argel\u00e8s-Gazost\",\"description\":\"Hautes-Pyr\u00e9n\u00e9es\",\"potentialAction\":[{\"@type\":\"SearchAction\",\"target\":{\"@type\":\"EntryPoint\",\"urlTemplate\":\"https:\/\/www.camping-du-lac-pyrenees.com\/?s={search_term_string}\"},\"query-input\":{\"@type\":\"PropertyValueSpecification\",\"valueRequired\":true,\"valueName\":\"search_term_string\"}}],\"inLanguage\":\"en-US\"}]}<\/script>\n<!-- \/ Yoast SEO plugin. -->","yoast_head_json":{"title":"Prices & Booking touring pitches - Camping du lac Argel\u00e8s-Gazost","robots":{"index":"index","follow":"follow","max-snippet":"max-snippet:-1","max-image-preview":"max-image-preview:large","max-video-preview":"max-video-preview:-1"},"canonical":"https:\/\/www.camping-du-lac-pyrenees.com\/en\/prices-booking-touring-pitches\/","og_locale":"en_US","og_type":"article","og_title":"Prices & Booking touring pitches - Camping du lac Argel\u00e8s-Gazost","og_description":"[vc_row][vc_column el_class=&#8221;box_camdulac&#8221;][vc_column_text] Camping du Lac France Pyrenees Prices &amp; Booking touring pitches [\/vc_column_text][vc_empty_space height=&#8221;20px&#8221;][vc_row_inner][vc_column_inner width=&#8221;3\/4&#8243;][vc_btn title=&#8221;Online booking&#8221; style=&#8221;3d&#8221; color=&#8221;sandy-brown&#8221; align=&#8221;center&#8221; link=&#8221;url:https%3A%2F%2Fnaxiresa.inaxel.com%2Fetape1-criteres.php%3Flang%3D2%26compte%3Dlac65||target:%20_blank|&#8221; el_class=&#8221;btn_camping reservation&#8221;][vc_column_text] &nbsp; [\/vc_column_text][vc_empty_space height=&#8221;20px&#8221;][vc_column_text][\/vc_column_text][vc_empty_space height=&#8221;20px&#8221;][vc_column_text]Taxes\u00a0: 0.86 \u20ac \/ person (+ 18 years old)\u00a0 per day. Over all charge 2 persons + 1 pitch (Pitch = 1 tent or caravan + 1 car).[\/vc_column_text][\/vc_column_inner][vc_column_inner width=&#8221;1\/4&#8243;&hellip;","og_url":"https:\/\/www.camping-du-lac-pyrenees.com\/en\/prices-booking-touring-pitches\/","og_site_name":"Camping du lac Argel\u00e8s-Gazost","article_modified_time":"2026-03-10T07:34:14+00:00","twitter_card":"summary_large_image","twitter_misc":{"Est. reading time":"2 minutes"},"schema":{"@context":"https:\/\/schema.org","@graph":[{"@type":"WebPage","@id":"https:\/\/www.camping-du-lac-pyrenees.com\/en\/prices-booking-touring-pitches\/","url":"https:\/\/www.camping-du-lac-pyrenees.com\/en\/prices-booking-touring-pitches\/","name":"Prices & Booking touring pitches - Camping du lac Argel\u00e8s-Gazost","isPartOf":{"@id":"https:\/\/www.camping-du-lac-pyrenees.com\/#website"},"datePublished":"2016-08-01T15:42:06+00:00","dateModified":"2026-03-10T07:34:14+00:00","breadcrumb":{"@id":"https:\/\/www.camping-du-lac-pyrenees.com\/en\/prices-booking-touring-pitches\/#breadcrumb"},"inLanguage":"en-US","potentialAction":[{"@type":"ReadAction","target":["https:\/\/www.camping-du-lac-pyrenees.com\/en\/prices-booking-touring-pitches\/"]}]},{"@type":"BreadcrumbList","@id":"https:\/\/www.camping-du-lac-pyrenees.com\/en\/prices-booking-touring-pitches\/#breadcrumb","itemListElement":[{"@type":"ListItem","position":1,"name":"Accueil","item":"https:\/\/www.camping-du-lac-pyrenees.com\/en\/"},{"@type":"ListItem","position":2,"name":"Prices &#038; Booking touring pitches"}]},{"@type":"WebSite","@id":"https:\/\/www.camping-du-lac-pyrenees.com\/#website","url":"https:\/\/www.camping-du-lac-pyrenees.com\/","name":"Camping du lac Argel\u00e8s-Gazost","description":"Hautes-Pyr\u00e9n\u00e9es","potentialAction":[{"@type":"SearchAction","target":{"@type":"EntryPoint","urlTemplate":"https:\/\/www.camping-du-lac-pyrenees.com\/?s={search_term_string}"},"query-input":{"@type":"PropertyValueSpecification","valueRequired":true,"valueName":"search_term_string"}}],"inLanguage":"en-US"}]}},"_links":{"self":[{"href":"https:\/\/www.camping-du-lac-pyrenees.com\/en\/wp-json\/wp\/v2\/pages\/514","targetHints":{"allow":["GET"]}}],"collection":[{"href":"https:\/\/www.camping-du-lac-pyrenees.com\/en\/wp-json\/wp\/v2\/pages"}],"about":[{"href":"https:\/\/www.camping-du-lac-pyrenees.com\/en\/wp-json\/wp\/v2\/types\/page"}],"author":[{"embeddable":true,"href":"https:\/\/www.camping-du-lac-pyrenees.com\/en\/wp-json\/wp\/v2\/users\/1"}],"replies":[{"embeddable":true,"href":"https:\/\/www.camping-du-lac-pyrenees.com\/en\/wp-json\/wp\/v2\/comments?post=514"}],"version-history":[{"count":26,"href":"https:\/\/www.camping-du-lac-pyrenees.com\/en\/wp-json\/wp\/v2\/pages\/514\/revisions"}],"predecessor-version":[{"id":6262,"href":"https:\/\/www.camping-du-lac-pyrenees.com\/en\/wp-json\/wp\/v2\/pages\/514\/revisions\/6262"}],"wp:attachment":[{"href":"https:\/\/www.camping-du-lac-pyrenees.com\/en\/wp-json\/wp\/v2\/media?parent=514"}],"curies":[{"name":"wp","href":"https:\/\/api.w.org\/{rel}","templated":true}]}}