{"id":554,"date":"2016-08-02T09:30:45","date_gmt":"2016-08-02T07:30:45","guid":{"rendered":"http:\/\/camdulac.novae-developpement.com\/en\/?page_id=554"},"modified":"2026-03-10T08:33:38","modified_gmt":"2026-03-10T07:33:38","slug":"prices-booking-chalets","status":"publish","type":"page","link":"https:\/\/www.camping-du-lac-pyrenees.com\/en\/prices-booking-chalets\/","title":{"rendered":"Prices &#038; Booking chalets"},"content":{"rendered":"<div class=\"wpb-content-wrapper\"><p>[vc_row][vc_column el_class=&#8221;box_camdulac&#8221;][vc_column_text]<\/p>\n<h1>Prices &amp; Booking chalets<\/h1>\n<p>[\/vc_column_text][vc_empty_space height=&#8221;20px&#8221;][vc_row_inner][vc_column_inner width=&#8221;3\/4&#8243;][vc_btn title=&#8221;Online Booking&#8221; style=&#8221;flat&#8221; shape=&#8221;square&#8221; align=&#8221;left&#8221; link=&#8221;url:https%3A%2F%2Fnaxiresa.inaxel.com%2Fetape1-criteres.php%3Flang%3D2%26compte%3Dlac65||target:%20_blank|&#8221; el_class=&#8221;btn_camping reservation&#8221;][vc_column_text]\n<table id=\"tablepress-6\" class=\"tablepress tablepress-id-6 price-table tbody-has-connected-cells\">\n<tbody>\n<tr class=\"row-1\">\n\t<td class=\"column-1\">PRICES 2026<br \/>\n<a href=\"https:\/\/naxiresa.inaxel.com\/etape1-criteres.php?lang=2&amp;compte=lac65\">ONLINE BOOKING CLIC HERE<\/a><br \/>\n<\/td><td class=\"column-2\">42 M\u00b2<br \/>\n\u00ab Chalet Grand Confort \u00bb<br \/>\n 5 people max<\/td><td class=\"column-3\">42 M\u00b2<br \/>\n\u00ab Chalet Grand Confort \u00bb<br \/>\n6 NIGHTS <br \/>\nSATURDAY TO FRIDAY<\/td><td colspan=\"2\" class=\"column-4\">35 M\u00b2<br \/>\n\u00ab Chalet Confort \u00bb<br \/>\n4 people max<\/td>\n<\/tr>\n<tr class=\"row-2\">\n\t<td class=\"column-1\">One week between 28\/02 and 06\/06<\/td><td class=\"column-2\">395 \u20ac<br \/>\n5 nights 360 \u20ac<br \/>\n4 nights  350 \u20ac<br \/>\n3 nights 340 \u20ac<\/td><td class=\"column-3\">375  \u20ac<\/td><td class=\"column-4\">365  \u20ac<\/td><td class=\"column-5\"><a href=\"https:\/\/naxiresa.inaxel.com\/etape1-criteres.php?lang=2&amp;compte=lac65\">BOOKING<\/a><\/td>\n<\/tr>\n<tr class=\"row-3\">\n\t<td class=\"column-1\">One week between 06\/06 and 27\/06<\/td><td class=\"column-2\">395 \u20ac<\/td><td class=\"column-3\">375 \u20ac<\/td><td class=\"column-4\">365 \u20ac<\/td><td class=\"column-5\"><a href=\"https:\/\/naxiresa.inaxel.com\/etape1-criteres.php?lang=2&amp;compte=lac65\">BOOKING<\/a><\/td>\n<\/tr>\n<tr class=\"row-4\">\n\t<td class=\"column-1\">27\/06 to 04\/07<\/td><td class=\"column-2\">435 \u20ac<\/td><td class=\"column-3\">405 \u20ac<\/td><td class=\"column-4\">410 \u20ac<\/td><td class=\"column-5\"><a href=\"https:\/\/naxiresa.inaxel.com\/etape1-criteres.php?lang=2&amp;compte=lac65\">BOOKING<\/a><\/td>\n<\/tr>\n<tr class=\"row-5\">\n\t<td class=\"column-1\">04\/07 to 11\/07<\/td><td class=\"column-2\">465 \u20ac<br \/>\n<\/td><td class=\"column-3\">405 \u20ac<\/td><td class=\"column-4\">420  \u20ac<br \/>\n<\/td><td class=\"column-5\"><a href=\"https:\/\/naxiresa.inaxel.com\/etape1-criteres.php?lang=2&amp;compte=lac65\">BOOKING<\/a><\/td>\n<\/tr>\n<tr class=\"row-6\">\n\t<td class=\"column-1\">11\/07 to 18\/07<\/td><td class=\"column-2\">830 \u20ac<br \/>\n<\/td><td class=\"column-3\">815  \u20ac<\/td><td class=\"column-4\">795 \u20ac <br \/>\n<\/td><td class=\"column-5\"><a href=\"https:\/\/naxiresa.inaxel.com\/etape1-criteres.php?lang=2&amp;compte=lac65\">BOOKING<\/a><\/td>\n<\/tr>\n<tr class=\"row-7\">\n\t<td class=\"column-1\">18\/07 to 25\/07 <\/td><td class=\"column-2\">930 \u20ac<\/td><td class=\"column-3\">880 \u20ac<\/td><td class=\"column-4\">880 \u20ac<\/td><td class=\"column-5\"><a href=\"https:\/\/naxiresa.inaxel.com\/etape1-criteres.php?lang=2&amp;compte=lac65\">BOOKING<\/a><\/td>\n<\/tr>\n<tr class=\"row-8\">\n\t<td class=\"column-1\">One week between 25\/07 and 15\/08 <\/td><td class=\"column-2\">1080 \u20ac<\/td><td class=\"column-3\">1050  \u20ac<\/td><td class=\"column-4\">1050 \u20ac<\/td><td class=\"column-5\"><a href=\"https:\/\/naxiresa.inaxel.com\/etape1-criteres.php?lang=2&amp;compte=lac65\">BOOKING<\/a><\/td>\n<\/tr>\n<tr class=\"row-9\">\n\t<td class=\"column-1\">15\/08 to 22\/08<\/td><td class=\"column-2\">1020 \u20ac<\/td><td class=\"column-3\">999  \u20ac<\/td><td class=\"column-4\">999 \u20ac<\/td><td class=\"column-5\"><a href=\"https:\/\/naxiresa.inaxel.com\/etape1-criteres.php?lang=2&amp;compte=lac65\">BOOKING<\/a><\/td>\n<\/tr>\n<tr class=\"row-10\">\n\t<td class=\"column-1\">22\/08 to 29\/08<\/td><td class=\"column-2\">689 \u20ac<\/td><td class=\"column-3\">650 \u20ac<\/td><td class=\"column-4\">639 \u20ac<\/td><td class=\"column-5\"><a href=\"https:\/\/naxiresa.inaxel.com\/etape1-criteres.php?lang=2&amp;compte=lac65\">BOOKING<\/a><\/td>\n<\/tr>\n<tr class=\"row-11\">\n\t<td class=\"column-1\">Possibility cleaning service at the end of the stay : <\/td><td class=\"column-2\">56  \u20ac <\/td><td class=\"column-3\">56  \u20ac <\/td><td colspan=\"2\" class=\"column-4\">56  \u20ac <\/td>\n<\/tr>\n<tr class=\"row-12\">\n\t<td class=\"column-1\">Renting bed linen<\/td><td class=\"column-2\">55 \u20ac \/ week <\/td><td class=\"column-3\"><\/td><td colspan=\"2\" class=\"column-4\">53 \u20ac \/ week<\/td>\n<\/tr>\n<\/tbody>\n<\/table>\n<!-- #tablepress-6 from cache -->[\/vc_column_text][vc_empty_space height=&#8221;20px&#8221;][vc_column_text]Tax : 0.86 \u20ac \/ person by night (adult more than 18\u00a0years).<br \/>\nElectricity in addition between 1st September and 31 th May.[\/vc_column_text][\/vc_column_inner][vc_column_inner width=&#8221;1\/4&#8243; css=&#8221;.vc_custom_1469720844978{margin-right: 0px !important;margin-left: 0px !important;padding-right: 0px !important;padding-left: 0px !important;}&#8221;][vc_media_grid element_width=&#8221;12&#8243; gap=&#8221;10&#8243; item=&#8221;masonryMedia_Default&#8221; css=&#8221;&#8221; grid_id=&#8221;vc_gid:1773127998558-d3c72e0b-6e7f-8&#8243; include=&#8221;6255,406,2718&#8243;][\/vc_column_inner][\/vc_row_inner][\/vc_column][\/vc_row][vc_row][vc_column][vc_column_text]<\/p>\n<table>\n<tbody>\n<tr>\n<td width=\"216\">6 glasses<\/p>\n<p>6 dinner plates<\/p>\n<p>6 soup plates<\/p>\n<p>6 bowls<\/p>\n<p>6cups<\/p>\n<p>6saucers<\/p>\n<p>1 cutlery tidy<\/p>\n<p>6 forks<\/p>\n<p>6 knifes<\/p>\n<p>6 table spoons<\/p>\n<p>6 teaspoons<\/p>\n<p>2 cooking knifes<\/p>\n<p>1 tin opener<\/p>\n<p>1 corkscrew<\/p>\n<p>salad servers<\/p>\n<p>1 ladle<\/p>\n<p>1 skimmer<\/p>\n<p>1 Wooden spoon<\/p>\n<p>2 dishes<\/p>\n<p>3 pots<\/td>\n<td width=\"242\">1 frying pan<\/p>\n<p>1 pot cover<\/p>\n<p>1 stew pot<\/p>\n<p>1 jug<\/p>\n<p>2 salad bowls<\/p>\n<p>1 lemon-squeezer<\/p>\n<p>1 plastic sieve 1 grater<\/p>\n<p>1 measuring beaker<\/p>\n<p>1 table mat<\/p>\n<p>1 chopping board<\/p>\n<p>1 tray<\/p>\n<p>1 dustbin<\/p>\n<p>1 vase<\/p>\n<p>1 WC set<\/p>\n<p>10 coat hangers<\/p>\n<p>1 under sheet<\/p>\n<p>1 blanket \/ bed<\/p>\n<p>1 sweeping brush<\/p>\n<p>1 dustpan<\/p>\n<p>&nbsp;<\/td>\n<td width=\"213\">1 scrubbing brush<\/p>\n<p>1 plastic basin<\/p>\n<p>1 plastic bucket<\/p>\n<p>1 bathroom rug<\/p>\n<p>1 clothes horse<\/p>\n<p>1 microwave oven<\/p>\n<p>1 fridge<\/p>\n<p>1 washing machine<\/p>\n<p>1 electric coffee pot<\/p>\n<p>1 colour TV<\/p>\n<p>1 electric hot plate , two rings<\/p>\n<p>garden suite , 5 chairs and 1 rectangular table<\/p>\n<p><u>In the bedroom two<\/u> : one paperboard and one bear.<\/td>\n<\/tr>\n<\/tbody>\n<\/table>\n<p>[\/vc_column_text][\/vc_column][\/vc_row]<\/p>\n<\/div>","protected":false},"excerpt":{"rendered":"<p>[vc_row][vc_column el_class=&#8221;box_camdulac&#8221;][vc_column_text] Prices &amp; Booking chalets [\/vc_column_text][vc_empty_space height=&#8221;20px&#8221;][vc_row_inner][vc_column_inner width=&#8221;3\/4&#8243;][vc_btn title=&#8221;Online Booking&#8221; style=&#8221;flat&#8221; shape=&#8221;square&#8221; align=&#8221;left&#8221; link=&#8221;url:https%3A%2F%2Fnaxiresa.inaxel.com%2Fetape1-criteres.php%3Flang%3D2%26compte%3Dlac65||target:%20_blank|&#8221; el_class=&#8221;btn_camping reservation&#8221;][vc_column_text][\/vc_column_text][vc_empty_space height=&#8221;20px&#8221;][vc_column_text]Tax : 0.86 \u20ac \/ person by night (adult more than 18\u00a0years). Electricity in addition between 1st September and 31 th May.[\/vc_column_text][\/vc_column_inner][vc_column_inner width=&#8221;1\/4&#8243; css=&#8221;.vc_custom_1469720844978{margin-right: 0px !important;margin-left: 0px !important;padding-right: 0px !important;padding-left: 0px !important;}&#8221;][vc_media_grid element_width=&#8221;12&#8243; gap=&#8221;10&#8243; item=&#8221;masonryMedia_Default&#8221; css=&#8221;&#8221; grid_id=&#8221;vc_gid:1773127998558-d3c72e0b-6e7f-8&#8243; include=&#8221;6255,406,2718&#8243;][\/vc_column_inner][\/vc_row_inner][\/vc_column][\/vc_row][vc_row][vc_column][vc_column_text]&hellip;<\/p>\n","protected":false},"author":1,"featured_media":0,"parent":0,"menu_order":0,"comment_status":"closed","ping_status":"closed","template":"","meta":{"footnotes":""},"class_list":["post-554","page","type-page","status-publish","hentry","description-off"],"yoast_head":"<!-- This site is optimized with the Yoast SEO plugin v24.5 - https:\/\/yoast.com\/wordpress\/plugins\/seo\/ -->\n<title>Prices &amp; Booking chalets - Camping du lac Argel\u00e8s-Gazost<\/title>\n<meta name=\"robots\" content=\"index, follow, max-snippet:-1, max-image-preview:large, max-video-preview:-1\" \/>\n<link rel=\"canonical\" href=\"https:\/\/www.camping-du-lac-pyrenees.com\/en\/prices-booking-chalets\/\" \/>\n<meta property=\"og:locale\" content=\"en_US\" \/>\n<meta property=\"og:type\" content=\"article\" \/>\n<meta property=\"og:title\" content=\"Prices &amp; Booking chalets - Camping du lac Argel\u00e8s-Gazost\" \/>\n<meta property=\"og:description\" content=\"[vc_row][vc_column el_class=&#8221;box_camdulac&#8221;][vc_column_text] Prices &amp; Booking chalets [\/vc_column_text][vc_empty_space height=&#8221;20px&#8221;][vc_row_inner][vc_column_inner width=&#8221;3\/4&#8243;][vc_btn title=&#8221;Online Booking&#8221; style=&#8221;flat&#8221; shape=&#8221;square&#8221; align=&#8221;left&#8221; link=&#8221;url:https%3A%2F%2Fnaxiresa.inaxel.com%2Fetape1-criteres.php%3Flang%3D2%26compte%3Dlac65||target:%20_blank|&#8221; el_class=&#8221;btn_camping reservation&#8221;][vc_column_text][\/vc_column_text][vc_empty_space height=&#8221;20px&#8221;][vc_column_text]Tax : 0.86 \u20ac \/ person by night (adult more than 18\u00a0years). Electricity in addition between 1st September and 31 th May.[\/vc_column_text][\/vc_column_inner][vc_column_inner width=&#8221;1\/4&#8243; css=&#8221;.vc_custom_1469720844978{margin-right: 0px !important;margin-left: 0px !important;padding-right: 0px !important;padding-left: 0px !important;}&#8221;][vc_media_grid element_width=&#8221;12&#8243; gap=&#8221;10&#8243; item=&#8221;masonryMedia_Default&#8221; css=&#8221;&#8221; grid_id=&#8221;vc_gid:1773127998558-d3c72e0b-6e7f-8&#8243; include=&#8221;6255,406,2718&#8243;][\/vc_column_inner][\/vc_row_inner][\/vc_column][\/vc_row][vc_row][vc_column][vc_column_text]&hellip;\" \/>\n<meta property=\"og:url\" content=\"https:\/\/www.camping-du-lac-pyrenees.com\/en\/prices-booking-chalets\/\" \/>\n<meta property=\"og:site_name\" content=\"Camping du lac Argel\u00e8s-Gazost\" \/>\n<meta property=\"article:modified_time\" content=\"2026-03-10T07:33:38+00:00\" \/>\n<meta name=\"twitter:card\" content=\"summary_large_image\" \/>\n<meta name=\"twitter:label1\" content=\"Est. reading time\" \/>\n\t<meta name=\"twitter:data1\" content=\"2 minutes\" \/>\n<script type=\"application\/ld+json\" class=\"yoast-schema-graph\">{\"@context\":\"https:\/\/schema.org\",\"@graph\":[{\"@type\":\"WebPage\",\"@id\":\"https:\/\/www.camping-du-lac-pyrenees.com\/en\/prices-booking-chalets\/\",\"url\":\"https:\/\/www.camping-du-lac-pyrenees.com\/en\/prices-booking-chalets\/\",\"name\":\"Prices & Booking chalets - Camping du lac Argel\u00e8s-Gazost\",\"isPartOf\":{\"@id\":\"https:\/\/www.camping-du-lac-pyrenees.com\/#website\"},\"datePublished\":\"2016-08-02T07:30:45+00:00\",\"dateModified\":\"2026-03-10T07:33:38+00:00\",\"breadcrumb\":{\"@id\":\"https:\/\/www.camping-du-lac-pyrenees.com\/en\/prices-booking-chalets\/#breadcrumb\"},\"inLanguage\":\"en-US\",\"potentialAction\":[{\"@type\":\"ReadAction\",\"target\":[\"https:\/\/www.camping-du-lac-pyrenees.com\/en\/prices-booking-chalets\/\"]}]},{\"@type\":\"BreadcrumbList\",\"@id\":\"https:\/\/www.camping-du-lac-pyrenees.com\/en\/prices-booking-chalets\/#breadcrumb\",\"itemListElement\":[{\"@type\":\"ListItem\",\"position\":1,\"name\":\"Accueil\",\"item\":\"https:\/\/www.camping-du-lac-pyrenees.com\/en\/\"},{\"@type\":\"ListItem\",\"position\":2,\"name\":\"Prices &#038; Booking chalets\"}]},{\"@type\":\"WebSite\",\"@id\":\"https:\/\/www.camping-du-lac-pyrenees.com\/#website\",\"url\":\"https:\/\/www.camping-du-lac-pyrenees.com\/\",\"name\":\"Camping du lac Argel\u00e8s-Gazost\",\"description\":\"Hautes-Pyr\u00e9n\u00e9es\",\"potentialAction\":[{\"@type\":\"SearchAction\",\"target\":{\"@type\":\"EntryPoint\",\"urlTemplate\":\"https:\/\/www.camping-du-lac-pyrenees.com\/?s={search_term_string}\"},\"query-input\":{\"@type\":\"PropertyValueSpecification\",\"valueRequired\":true,\"valueName\":\"search_term_string\"}}],\"inLanguage\":\"en-US\"}]}<\/script>\n<!-- \/ Yoast SEO plugin. -->","yoast_head_json":{"title":"Prices & Booking chalets - Camping du lac Argel\u00e8s-Gazost","robots":{"index":"index","follow":"follow","max-snippet":"max-snippet:-1","max-image-preview":"max-image-preview:large","max-video-preview":"max-video-preview:-1"},"canonical":"https:\/\/www.camping-du-lac-pyrenees.com\/en\/prices-booking-chalets\/","og_locale":"en_US","og_type":"article","og_title":"Prices & Booking chalets - Camping du lac Argel\u00e8s-Gazost","og_description":"[vc_row][vc_column el_class=&#8221;box_camdulac&#8221;][vc_column_text] Prices &amp; Booking chalets [\/vc_column_text][vc_empty_space height=&#8221;20px&#8221;][vc_row_inner][vc_column_inner width=&#8221;3\/4&#8243;][vc_btn title=&#8221;Online Booking&#8221; style=&#8221;flat&#8221; shape=&#8221;square&#8221; align=&#8221;left&#8221; link=&#8221;url:https%3A%2F%2Fnaxiresa.inaxel.com%2Fetape1-criteres.php%3Flang%3D2%26compte%3Dlac65||target:%20_blank|&#8221; el_class=&#8221;btn_camping reservation&#8221;][vc_column_text][\/vc_column_text][vc_empty_space height=&#8221;20px&#8221;][vc_column_text]Tax : 0.86 \u20ac \/ person by night (adult more than 18\u00a0years). Electricity in addition between 1st September and 31 th May.[\/vc_column_text][\/vc_column_inner][vc_column_inner width=&#8221;1\/4&#8243; css=&#8221;.vc_custom_1469720844978{margin-right: 0px !important;margin-left: 0px !important;padding-right: 0px !important;padding-left: 0px !important;}&#8221;][vc_media_grid element_width=&#8221;12&#8243; gap=&#8221;10&#8243; item=&#8221;masonryMedia_Default&#8221; css=&#8221;&#8221; grid_id=&#8221;vc_gid:1773127998558-d3c72e0b-6e7f-8&#8243; include=&#8221;6255,406,2718&#8243;][\/vc_column_inner][\/vc_row_inner][\/vc_column][\/vc_row][vc_row][vc_column][vc_column_text]&hellip;","og_url":"https:\/\/www.camping-du-lac-pyrenees.com\/en\/prices-booking-chalets\/","og_site_name":"Camping du lac Argel\u00e8s-Gazost","article_modified_time":"2026-03-10T07:33:38+00:00","twitter_card":"summary_large_image","twitter_misc":{"Est. reading time":"2 minutes"},"schema":{"@context":"https:\/\/schema.org","@graph":[{"@type":"WebPage","@id":"https:\/\/www.camping-du-lac-pyrenees.com\/en\/prices-booking-chalets\/","url":"https:\/\/www.camping-du-lac-pyrenees.com\/en\/prices-booking-chalets\/","name":"Prices & Booking chalets - Camping du lac Argel\u00e8s-Gazost","isPartOf":{"@id":"https:\/\/www.camping-du-lac-pyrenees.com\/#website"},"datePublished":"2016-08-02T07:30:45+00:00","dateModified":"2026-03-10T07:33:38+00:00","breadcrumb":{"@id":"https:\/\/www.camping-du-lac-pyrenees.com\/en\/prices-booking-chalets\/#breadcrumb"},"inLanguage":"en-US","potentialAction":[{"@type":"ReadAction","target":["https:\/\/www.camping-du-lac-pyrenees.com\/en\/prices-booking-chalets\/"]}]},{"@type":"BreadcrumbList","@id":"https:\/\/www.camping-du-lac-pyrenees.com\/en\/prices-booking-chalets\/#breadcrumb","itemListElement":[{"@type":"ListItem","position":1,"name":"Accueil","item":"https:\/\/www.camping-du-lac-pyrenees.com\/en\/"},{"@type":"ListItem","position":2,"name":"Prices &#038; Booking chalets"}]},{"@type":"WebSite","@id":"https:\/\/www.camping-du-lac-pyrenees.com\/#website","url":"https:\/\/www.camping-du-lac-pyrenees.com\/","name":"Camping du lac Argel\u00e8s-Gazost","description":"Hautes-Pyr\u00e9n\u00e9es","potentialAction":[{"@type":"SearchAction","target":{"@type":"EntryPoint","urlTemplate":"https:\/\/www.camping-du-lac-pyrenees.com\/?s={search_term_string}"},"query-input":{"@type":"PropertyValueSpecification","valueRequired":true,"valueName":"search_term_string"}}],"inLanguage":"en-US"}]}},"_links":{"self":[{"href":"https:\/\/www.camping-du-lac-pyrenees.com\/en\/wp-json\/wp\/v2\/pages\/554","targetHints":{"allow":["GET"]}}],"collection":[{"href":"https:\/\/www.camping-du-lac-pyrenees.com\/en\/wp-json\/wp\/v2\/pages"}],"about":[{"href":"https:\/\/www.camping-du-lac-pyrenees.com\/en\/wp-json\/wp\/v2\/types\/page"}],"author":[{"embeddable":true,"href":"https:\/\/www.camping-du-lac-pyrenees.com\/en\/wp-json\/wp\/v2\/users\/1"}],"replies":[{"embeddable":true,"href":"https:\/\/www.camping-du-lac-pyrenees.com\/en\/wp-json\/wp\/v2\/comments?post=554"}],"version-history":[{"count":14,"href":"https:\/\/www.camping-du-lac-pyrenees.com\/en\/wp-json\/wp\/v2\/pages\/554\/revisions"}],"predecessor-version":[{"id":6261,"href":"https:\/\/www.camping-du-lac-pyrenees.com\/en\/wp-json\/wp\/v2\/pages\/554\/revisions\/6261"}],"wp:attachment":[{"href":"https:\/\/www.camping-du-lac-pyrenees.com\/en\/wp-json\/wp\/v2\/media?parent=554"}],"curies":[{"name":"wp","href":"https:\/\/api.w.org\/{rel}","templated":true}]}}