{"id":594,"date":"2016-08-02T11:13:18","date_gmt":"2016-08-02T09:13:18","guid":{"rendered":"http:\/\/camdulac.novae-developpement.com\/es\/?page_id=594"},"modified":"2025-10-07T08:24:25","modified_gmt":"2025-10-07T06:24:25","slug":"camping-francia-altos-pirineos","status":"publish","type":"page","link":"https:\/\/www.camping-du-lac-pyrenees.com\/es\/","title":{"rendered":"Inicio : Camping Altos Pirineos"},"content":{"rendered":"<div class=\"wpb-content-wrapper\"><p>[vc_row margin_bottom=\u00bb50&#8243; el_class=\u00bbno_padding\u00bb][vc_column width=\u00bb1\/2&#8243;][vc_video link=\u00bbhttps:\/\/www.youtube.com\/watch?v=-mfMWYITd3U\u00bb align=\u00bbcenter\u00bb][vc_column_text css=\u00bb\u00bb]<img loading=\"lazy\" decoding=\"async\" class=\"wp-image-4099 aligncenter\" src=\"https:\/\/www.camping-du-lac-pyrenees.com\/wp-content\/uploads\/unnamed-1.jpg\" alt=\"\" width=\"299\" height=\"131\" \/><\/p>\n<p>&nbsp;<\/p>\n<h3 style=\"text-align: center;\"><strong>Reservar 2026<\/strong><\/h3>\n<h5 style=\"text-align: center;\"><a href=\"https:\/\/naxiresa.inaxel.com\/etape1-criteres.php?lang=5&amp;compte=lac65\"><strong><img loading=\"lazy\" decoding=\"async\" class=\"alignnone wp-image-5841\" src=\"https:\/\/www.camping-du-lac-pyrenees.com\/wp-content\/uploads\/reserva-ahora.png\" alt=\"\" width=\"183\" height=\"64\" \/><\/strong><\/a><\/h5>\n<h5 style=\"text-align: center;\"><\/h5>\n<p style=\"text-align: center;\">Camping en el Pirineos con <strong>grandes emplazamientos<\/strong>:\u00a0<strong>\u00abespaciosos\u00bb<\/strong><\/p>\n<p style=\"text-align: center;\"><img loading=\"lazy\" decoding=\"async\" class=\"alignnone wp-image-5919\" src=\"https:\/\/www.camping-du-lac-pyrenees.com\/wp-content\/uploads\/2024-vue-aerienne.jpg\" alt=\"\" width=\"477\" height=\"233\" \/><\/p>\n<p style=\"text-align: center;\"><strong>En el sitio mismo :<\/strong>\u00a0\u00a0<strong>RESTAURANTE, BAR, PLATOS PARA LLEVAR, tienda de comestibles, y\u00a0desayuno.<\/strong><\/p>\n<div id=\"attachment_5626\" style=\"width: 335px\" class=\"wp-caption aligncenter\"><img loading=\"lazy\" decoding=\"async\" aria-describedby=\"caption-attachment-5626\" class=\" wp-image-5626\" src=\"https:\/\/www.camping-du-lac-pyrenees.com\/wp-content\/uploads\/terrasse-du-lac.jpg\" alt=\"\" width=\"325\" height=\"183\" \/><p id=\"caption-attachment-5626\" class=\"wp-caption-text\">Restaurant<\/p><\/div>\n<p>[\/vc_column_text][\/vc_column][vc_column width=\u00bb1\/2&#8243; el_class=\u00bbbox_camdulac\u00bb][vc_column_text]<\/p>\n<h1>Camping du Lac Altos Pirineos<\/h1>\n<p>Acogedor camping con ambiente familiar, ubicado en el coraz\u00f3n de los Pirineos y rodeado de un maravilloso entorno natural.<\/p>\n<p><strong>El camping est\u00e1 frente a un peque\u00f1o \u00ablago artificial de monta\u00f1a\u00bb<\/strong><\/p>\n<p><strong>\u00a0 AQU\u00cd MISMO HAY: RESTAURANTE, BAR, PLATOS PARA LLEVAR<\/strong><\/p>\n<p>Su privilegiada situaci\u00f3n lo convierte en un lugar de confort y tranquilidad, donde encontrar descanso y bienestar, a 2,5 Km de un peque\u00f1o pueblo balneario llamado Argel\u00e8s Gazost.<\/p>\n<p>Nuestro camping est\u00e1 situado a las puertas del Parque Nacional de Altos Pirineos y en el centro de importantes lugares como Gavarnie, Puente de Espa\u00f1a el Pic du Midi, entre otros. Un entorno encantador y acogedor que le abrir\u00e1 las puertas para descubrir una maravillosa regi\u00f3n.<\/p>\n<p>En el camping disponemos de parcelas acondicionadas para tiendas, caravanas y autocaravanas, o alquiler de bungalow.<\/p>\n<p style=\"text-align: center;\"><strong><img loading=\"lazy\" decoding=\"async\" class=\"wp-image-4374 aligncenter\" src=\"https:\/\/www.camping-du-lac-pyrenees.com\/wp-content\/uploads\/cadrelac21.jpg\" alt=\"\" width=\"368\" height=\"260\" \/><\/strong><\/p>\n<p style=\"text-align: center;\"><strong>Tel :\u00a0+ 33 6 87 39 31 47<\/strong><\/p>\n<p><strong>Email<\/strong>\u00a0 \u00a0\u00a0<strong><a href=\"mailto:campinglac@campinglac65.fr\">campinglac@campinglac65.fr<\/a><\/strong><\/p>\n<p>&nbsp;<\/p>\n<p>Abierto :\u00a0 \u00a0 \u00a0 9h00\u00a0 \u00e0\u00a0 20h00<\/p>\n<table class=\"CDResTable ie7Fix\" border=\"0\" width=\"100%\" cellspacing=\"0\" cellpadding=\"0\" align=\"center\">\n<tbody>\n<tr class=\"\" valign=\"top\">\n<td class=\"CDResTarget\" dir=\"ltr\">\n<div class=\"trimmed divWrap\"><strong><span id=\"0_LT\" class=\"ellipsis_text\" dir=\"ltr\">Chalets<\/span><\/strong><span style=\"font-family: inherit; font-size: inherit;\"><span style=\"font-family: inherit; font-size: inherit;\">: todo el ano<\/span><\/span><\/div>\n<\/td>\n<\/tr>\n<\/tbody>\n<\/table>\n<p><strong>Parcelas :\u00a0 \u00a0\u00a0\u00a0<\/strong>01\/06\u00a0 \u2013 15\/09<\/p>\n<p>Camping 73 parcelas, 17\u00a0chalets<br \/>\nAltura : 650 m[\/vc_column_text][\/vc_column][\/vc_row][vc_row margin_top=\u00bb80&#8243; margin_bottom=\u00bb-50&#8243; full_width=\u00bbtrue\u00bb el_class=\u00bbno_padding\u00bb][vc_column width=\u00bb1\/2&#8243; css=\u00bb.vc_custom_1469631409940{margin-right: 0px !important;margin-left: 0px !important;padding-right: 0px !important;padding-left: 0px !important;}\u00bb]<div class=\"shortcode-banner\" style=\"min-height: 450px;background-image: url(https:\/\/www.camping-du-lac-pyrenees.com\/wp-content\/uploads\/chalet.jpg)\"><div class=\"shortcode-banner-bg wf-table\" style=\"padding: 0px;min-height: 450px\"><div class=\"shortcode-banner-inside wf-table text-big\" style=\"background-color: rgb(0,0,0);background-color: rgba(0,0,0,0.35);border: solid 0px transparent;outline: solid 0px;outline-color: #ffffff;height: 450px\"><div><h2 style=\"text-align: right;\">Descubrir<br \/>\n<strong>Bungalows<\/strong><\/h2>\n<p style=\"text-align: right;\"><a href=\"\/es\/bungalows\/\">Bungalows<\/a>\u00a0<a href=\"\/es\/tarifa-reserva-bungalows\/\">Tarifa &amp; Reserva Bungalows<\/a><\/p>\n<\/div><\/div><\/div><\/div>[\/vc_column][vc_column width=\u00bb1\/2&#8243; css=\u00bb.vc_custom_1469631459817{margin-right: 0px !important;margin-left: 0px !important;padding-right: 0px !important;padding-left: 0px !important;}\u00bb]<div class=\"shortcode-banner\" style=\"min-height: 450px;background-image: url(https:\/\/www.camping-du-lac-pyrenees.com\/wp-content\/uploads\/emplacement.jpg)\"><div class=\"shortcode-banner-bg wf-table\" style=\"padding: 0px;min-height: 450px\"><div class=\"shortcode-banner-inside wf-table text-big\" style=\"background-color: rgb(0,0,0);background-color: rgba(0,0,0,0.35);border: solid 0px transparent;outline: solid 0px;outline-color: #ffffff;height: 450px\"><div><h2>Reserva<br \/>\n<strong>Parcelas<\/strong><\/h2>\n<p><a href=\"https:\/\/www.camping-du-lac-pyrenees.com\/es\/parcelas-emplaziamentos\/\">Parcelas<\/a> <a href=\"https:\/\/www.camping-du-lac-pyrenees.com\/es\/tarifa-reserva-parcelas\/\">Tarifa &amp; Reserva Parcelas<\/a><\/p>\n<\/div><\/div><\/div><\/div>[\/vc_column][\/vc_row]<\/p>\n<\/div>","protected":false},"excerpt":{"rendered":"<p>[vc_row margin_bottom=\u00bb50&#8243; el_class=\u00bbno_padding\u00bb][vc_column width=\u00bb1\/2&#8243;][vc_video link=\u00bbhttps:\/\/www.youtube.com\/watch?v=-mfMWYITd3U\u00bb align=\u00bbcenter\u00bb][vc_column_text css=\u00bb\u00bb] &nbsp; Reservar 2026 Camping en el Pirineos con grandes emplazamientos:\u00a0\u00abespaciosos\u00bb En el sitio mismo :\u00a0\u00a0RESTAURANTE, BAR, PLATOS PARA LLEVAR, tienda de comestibles, y\u00a0desayuno. [\/vc_column_text][\/vc_column][vc_column width=\u00bb1\/2&#8243; el_class=\u00bbbox_camdulac\u00bb][vc_column_text] Camping du Lac Altos Pirineos Acogedor camping con ambiente familiar, ubicado en el coraz\u00f3n de los Pirineos y rodeado de un maravilloso&hellip;<\/p>\n","protected":false},"author":1,"featured_media":0,"parent":0,"menu_order":0,"comment_status":"closed","ping_status":"closed","template":"","meta":{"footnotes":""},"class_list":["post-594","page","type-page","status-publish","hentry","description-off"],"yoast_head":"<!-- This site is optimized with the Yoast SEO plugin v24.5 - https:\/\/yoast.com\/wordpress\/plugins\/seo\/ -->\n<title>Inicio : Camping Altos Pirineos - Camping du lac Argel\u00e8s-Gazost<\/title>\n<meta name=\"description\" content=\"Camping en Altos Pirineos Francia entre Lourdes y Cauterets con piscinas. La tranquilidad de la monta\u00f1a a las puertas del Parque Nacional de Altos Pirineos.\" \/>\n<meta name=\"robots\" content=\"index, follow, max-snippet:-1, max-image-preview:large, max-video-preview:-1\" \/>\n<link rel=\"canonical\" href=\"https:\/\/www.camping-du-lac-pyrenees.com\/es\/\" \/>\n<meta property=\"og:locale\" content=\"es_ES\" \/>\n<meta property=\"og:type\" content=\"article\" \/>\n<meta property=\"og:title\" content=\"Inicio : Camping Altos Pirineos - Camping du lac Argel\u00e8s-Gazost\" \/>\n<meta property=\"og:description\" content=\"Camping en Altos Pirineos Francia entre Lourdes y Cauterets con piscinas. La tranquilidad de la monta\u00f1a a las puertas del Parque Nacional de Altos Pirineos.\" \/>\n<meta property=\"og:url\" content=\"https:\/\/www.camping-du-lac-pyrenees.com\/es\/\" \/>\n<meta property=\"og:site_name\" content=\"Camping du lac Argel\u00e8s-Gazost\" \/>\n<meta property=\"article:modified_time\" content=\"2025-10-07T06:24:25+00:00\" \/>\n<meta property=\"og:image\" content=\"https:\/\/www.camping-du-lac-pyrenees.com\/wp-content\/uploads\/unnamed-1.jpg\" \/>\n\t<meta property=\"og:image:width\" content=\"512\" \/>\n\t<meta property=\"og:image:height\" content=\"224\" \/>\n\t<meta property=\"og:image:type\" content=\"image\/jpeg\" \/>\n<meta name=\"twitter:card\" content=\"summary_large_image\" \/>\n<meta name=\"twitter:label1\" content=\"Tiempo de lectura\" \/>\n\t<meta name=\"twitter:data1\" content=\"3 minutos\" \/>\n<script type=\"application\/ld+json\" class=\"yoast-schema-graph\">{\"@context\":\"https:\/\/schema.org\",\"@graph\":[{\"@type\":\"WebPage\",\"@id\":\"https:\/\/www.camping-du-lac-pyrenees.com\/es\/\",\"url\":\"https:\/\/www.camping-du-lac-pyrenees.com\/es\/\",\"name\":\"Inicio : Camping Altos Pirineos - Camping du lac Argel\u00e8s-Gazost\",\"isPartOf\":{\"@id\":\"https:\/\/www.camping-du-lac-pyrenees.com\/#website\"},\"primaryImageOfPage\":{\"@id\":\"https:\/\/www.camping-du-lac-pyrenees.com\/es\/#primaryimage\"},\"image\":{\"@id\":\"https:\/\/www.camping-du-lac-pyrenees.com\/es\/#primaryimage\"},\"thumbnailUrl\":\"https:\/\/www.camping-du-lac-pyrenees.com\/wp-content\/uploads\/unnamed-1.jpg\",\"datePublished\":\"2016-08-02T09:13:18+00:00\",\"dateModified\":\"2025-10-07T06:24:25+00:00\",\"description\":\"Camping en Altos Pirineos Francia entre Lourdes y Cauterets con piscinas. La tranquilidad de la monta\u00f1a a las puertas del Parque Nacional de Altos Pirineos.\",\"breadcrumb\":{\"@id\":\"https:\/\/www.camping-du-lac-pyrenees.com\/es\/#breadcrumb\"},\"inLanguage\":\"es\",\"potentialAction\":[{\"@type\":\"ReadAction\",\"target\":[\"https:\/\/www.camping-du-lac-pyrenees.com\/es\/\"]}]},{\"@type\":\"ImageObject\",\"inLanguage\":\"es\",\"@id\":\"https:\/\/www.camping-du-lac-pyrenees.com\/es\/#primaryimage\",\"url\":\"https:\/\/www.camping-du-lac-pyrenees.com\/wp-content\/uploads\/unnamed-1.jpg\",\"contentUrl\":\"https:\/\/www.camping-du-lac-pyrenees.com\/wp-content\/uploads\/unnamed-1.jpg\"},{\"@type\":\"BreadcrumbList\",\"@id\":\"https:\/\/www.camping-du-lac-pyrenees.com\/es\/#breadcrumb\",\"itemListElement\":[{\"@type\":\"ListItem\",\"position\":1,\"name\":\"Accueil\",\"item\":\"https:\/\/www.camping-du-lac-pyrenees.com\/es\/\"},{\"@type\":\"ListItem\",\"position\":2,\"name\":\"Inicio : Camping Altos Pirineos\"}]},{\"@type\":\"WebSite\",\"@id\":\"https:\/\/www.camping-du-lac-pyrenees.com\/#website\",\"url\":\"https:\/\/www.camping-du-lac-pyrenees.com\/\",\"name\":\"Camping du lac Argel\u00e8s-Gazost\",\"description\":\"Hautes-Pyr\u00e9n\u00e9es\",\"potentialAction\":[{\"@type\":\"SearchAction\",\"target\":{\"@type\":\"EntryPoint\",\"urlTemplate\":\"https:\/\/www.camping-du-lac-pyrenees.com\/?s={search_term_string}\"},\"query-input\":{\"@type\":\"PropertyValueSpecification\",\"valueRequired\":true,\"valueName\":\"search_term_string\"}}],\"inLanguage\":\"es\"}]}<\/script>\n<!-- \/ Yoast SEO plugin. -->","yoast_head_json":{"title":"Inicio : Camping Altos Pirineos - Camping du lac Argel\u00e8s-Gazost","description":"Camping en Altos Pirineos Francia entre Lourdes y Cauterets con piscinas. La tranquilidad de la monta\u00f1a a las puertas del Parque Nacional de Altos Pirineos.","robots":{"index":"index","follow":"follow","max-snippet":"max-snippet:-1","max-image-preview":"max-image-preview:large","max-video-preview":"max-video-preview:-1"},"canonical":"https:\/\/www.camping-du-lac-pyrenees.com\/es\/","og_locale":"es_ES","og_type":"article","og_title":"Inicio : Camping Altos Pirineos - Camping du lac Argel\u00e8s-Gazost","og_description":"Camping en Altos Pirineos Francia entre Lourdes y Cauterets con piscinas. La tranquilidad de la monta\u00f1a a las puertas del Parque Nacional de Altos Pirineos.","og_url":"https:\/\/www.camping-du-lac-pyrenees.com\/es\/","og_site_name":"Camping du lac Argel\u00e8s-Gazost","article_modified_time":"2025-10-07T06:24:25+00:00","og_image":[{"width":512,"height":224,"url":"https:\/\/www.camping-du-lac-pyrenees.com\/wp-content\/uploads\/unnamed-1.jpg","type":"image\/jpeg"}],"twitter_card":"summary_large_image","twitter_misc":{"Tiempo de lectura":"3 minutos"},"schema":{"@context":"https:\/\/schema.org","@graph":[{"@type":"WebPage","@id":"https:\/\/www.camping-du-lac-pyrenees.com\/es\/","url":"https:\/\/www.camping-du-lac-pyrenees.com\/es\/","name":"Inicio : Camping Altos Pirineos - Camping du lac Argel\u00e8s-Gazost","isPartOf":{"@id":"https:\/\/www.camping-du-lac-pyrenees.com\/#website"},"primaryImageOfPage":{"@id":"https:\/\/www.camping-du-lac-pyrenees.com\/es\/#primaryimage"},"image":{"@id":"https:\/\/www.camping-du-lac-pyrenees.com\/es\/#primaryimage"},"thumbnailUrl":"https:\/\/www.camping-du-lac-pyrenees.com\/wp-content\/uploads\/unnamed-1.jpg","datePublished":"2016-08-02T09:13:18+00:00","dateModified":"2025-10-07T06:24:25+00:00","description":"Camping en Altos Pirineos Francia entre Lourdes y Cauterets con piscinas. La tranquilidad de la monta\u00f1a a las puertas del Parque Nacional de Altos Pirineos.","breadcrumb":{"@id":"https:\/\/www.camping-du-lac-pyrenees.com\/es\/#breadcrumb"},"inLanguage":"es","potentialAction":[{"@type":"ReadAction","target":["https:\/\/www.camping-du-lac-pyrenees.com\/es\/"]}]},{"@type":"ImageObject","inLanguage":"es","@id":"https:\/\/www.camping-du-lac-pyrenees.com\/es\/#primaryimage","url":"https:\/\/www.camping-du-lac-pyrenees.com\/wp-content\/uploads\/unnamed-1.jpg","contentUrl":"https:\/\/www.camping-du-lac-pyrenees.com\/wp-content\/uploads\/unnamed-1.jpg"},{"@type":"BreadcrumbList","@id":"https:\/\/www.camping-du-lac-pyrenees.com\/es\/#breadcrumb","itemListElement":[{"@type":"ListItem","position":1,"name":"Accueil","item":"https:\/\/www.camping-du-lac-pyrenees.com\/es\/"},{"@type":"ListItem","position":2,"name":"Inicio : Camping Altos Pirineos"}]},{"@type":"WebSite","@id":"https:\/\/www.camping-du-lac-pyrenees.com\/#website","url":"https:\/\/www.camping-du-lac-pyrenees.com\/","name":"Camping du lac Argel\u00e8s-Gazost","description":"Hautes-Pyr\u00e9n\u00e9es","potentialAction":[{"@type":"SearchAction","target":{"@type":"EntryPoint","urlTemplate":"https:\/\/www.camping-du-lac-pyrenees.com\/?s={search_term_string}"},"query-input":{"@type":"PropertyValueSpecification","valueRequired":true,"valueName":"search_term_string"}}],"inLanguage":"es"}]}},"_links":{"self":[{"href":"https:\/\/www.camping-du-lac-pyrenees.com\/es\/wp-json\/wp\/v2\/pages\/594","targetHints":{"allow":["GET"]}}],"collection":[{"href":"https:\/\/www.camping-du-lac-pyrenees.com\/es\/wp-json\/wp\/v2\/pages"}],"about":[{"href":"https:\/\/www.camping-du-lac-pyrenees.com\/es\/wp-json\/wp\/v2\/types\/page"}],"author":[{"embeddable":true,"href":"https:\/\/www.camping-du-lac-pyrenees.com\/es\/wp-json\/wp\/v2\/users\/1"}],"replies":[{"embeddable":true,"href":"https:\/\/www.camping-du-lac-pyrenees.com\/es\/wp-json\/wp\/v2\/comments?post=594"}],"version-history":[{"count":41,"href":"https:\/\/www.camping-du-lac-pyrenees.com\/es\/wp-json\/wp\/v2\/pages\/594\/revisions"}],"predecessor-version":[{"id":6230,"href":"https:\/\/www.camping-du-lac-pyrenees.com\/es\/wp-json\/wp\/v2\/pages\/594\/revisions\/6230"}],"wp:attachment":[{"href":"https:\/\/www.camping-du-lac-pyrenees.com\/es\/wp-json\/wp\/v2\/media?parent=594"}],"curies":[{"name":"wp","href":"https:\/\/api.w.org\/{rel}","templated":true}]}}