{"id":701,"date":"2016-08-02T14:44:51","date_gmt":"2016-08-02T12:44:51","guid":{"rendered":"http:\/\/camdulac.novae-developpement.com\/nl\/?page_id=701"},"modified":"2025-10-06T17:50:42","modified_gmt":"2025-10-06T15:50:42","slug":"camping-frankrijk-hautes-pyrenees","status":"publish","type":"page","link":"https:\/\/www.camping-du-lac-pyrenees.com\/nl\/","title":{"rendered":"Camping Frankrijk Pyrenee\u00ebn"},"content":{"rendered":"<div class=\"wpb-content-wrapper\"><p>[vc_row margin_bottom=&#8221;50&#8243; el_class=&#8221;no_padding&#8221;][vc_column width=&#8221;1\/2&#8243;][vc_video link=&#8221;https:\/\/www.youtube.com\/watch?v=-mfMWYITd3U&#8221; align=&#8221;center&#8221;][vc_column_text css=&#8221;&#8221;]<img loading=\"lazy\" decoding=\"async\" class=\"alignnone wp-image-4097\" src=\"https:\/\/www.camping-du-lac-pyrenees.com\/wp-content\/uploads\/unnamed-1.jpg\" alt=\"\" width=\"224\" height=\"98\" \/>\u00a0 \u00a0 \u00a0 \u00a0 .<\/p>\n<h5><strong>Camping Franse Pyren\u00ebeen.<\/strong><\/h5>\n<h4><\/h4>\n<h3 style=\"text-align: center;\"><strong>Reservering voor 2026\u00a0 !<\/strong><\/h3>\n<h5 style=\"text-align: center;\"><a href=\"https:\/\/naxiresa.inaxel.com\/etape1-criteres.php?lang=4&amp;compte=lac65\"><img loading=\"lazy\" decoding=\"async\" class=\"alignnone wp-image-5842\" src=\"https:\/\/www.camping-du-lac-pyrenees.com\/wp-content\/uploads\/book4.png\" alt=\"\" width=\"112\" height=\"112\" \/><\/a><\/h5>\n<p>&nbsp;<\/p>\n<p>&nbsp;<\/p>\n<p>Ver van de drukte in volledige natuur !<\/p>\n<p>Ontdek kleine meren,\u00a0Ervaar de ongerepte natuur, geniet van pure lucht.<\/p>\n<p><img loading=\"lazy\" decoding=\"async\" class=\"alignnone wp-image-4200\" src=\"https:\/\/www.camping-du-lac-pyrenees.com\/wp-content\/uploads\/capturecomp.jpg\" alt=\"\" width=\"334\" height=\"173\" \/><\/p>\n<p>Camping Frankrijk Pyrenee\u00ebn met zwembad<\/p>\n<p><strong>Ter plaats : een restaurant, bar, afhaalmaaltijden, vers brood, ontbijten.<\/strong><\/p>\n<h5 style=\"line-height: 27.0pt; background: #F8F9FA;\">\u00a0<img loading=\"lazy\" decoding=\"async\" class=\"alignnone wp-image-5917\" src=\"https:\/\/www.camping-du-lac-pyrenees.com\/wp-content\/uploads\/2024-vue-aerienne.jpg\" alt=\"\" width=\"339\" height=\"166\" \/><\/h5>\n<p>Geniet van onze terras met een mooi uitzicht op de vallei ![\/vc_column_text][\/vc_column][vc_column width=&#8221;1\/2&#8243; el_class=&#8221;box_camdulac&#8221;][vc_column_text]<\/p>\n<h1>Camping Frankrijk Pyrenee\u00ebn<\/h1>\n<h2>Camping du Lac ligt in het hart van het Nationaal Park van de Pyrenee\u00ebn.<\/h2>\n<div id=\"attachment_3158\" style=\"width: 310px\" class=\"wp-caption alignleft\"><img loading=\"lazy\" decoding=\"async\" aria-describedby=\"caption-attachment-3158\" class=\"wp-image-3158 size-medium\" src=\"https:\/\/www.camping-du-lac-pyrenees.com\/wp-content\/uploads\/devant1-300x225.jpg\" alt=\"Camping Frankrijk Pyrenee\u00ebn\" width=\"300\" height=\"225\" srcset=\"https:\/\/www.camping-du-lac-pyrenees.com\/wp-content\/uploads\/devant1-300x225.jpg 300w, https:\/\/www.camping-du-lac-pyrenees.com\/wp-content\/uploads\/devant1-768x576.jpg 768w, https:\/\/www.camping-du-lac-pyrenees.com\/wp-content\/uploads\/devant1-1024x768.jpg 1024w\" sizes=\"auto, (max-width: 300px) 100vw, 300px\" \/><p id=\"caption-attachment-3158\" class=\"wp-caption-text\">Kampeerplaasten in de Pyrenee\u00ean<\/p><\/div>\n<p style=\"text-align: center;\">Op 2.5 km van <strong>Argeles-Gazost<\/strong> en 10 km van Lourdes, in een typisch pyrenee\u00ebn dorpje.<\/p>\n<p style=\"text-align: center;\">Een familiecamping in een zeer rustige omgeving vlakbij<\/p>\n<p style=\"text-align: center;\">de kunstmatig meer\u00a0 van Arcizans-Avant om te vissen.<\/p>\n<p style=\"text-align: center;\">Onze verrassend mooie en aangename camping biedt mooi uitzicht op de bergen en\u00a0<strong>zeer ruime<\/strong>\u00a0staanplaatsen\u00a0en volledig uitgeruste\u00a0chalets voor\u00a0een geslaagde vakantie.<\/p>\n<h3><\/h3>\n<p>&nbsp;<\/p>\n<p style=\"text-align: center;\"><strong><img loading=\"lazy\" decoding=\"async\" class=\"wp-image-5762 alignleft\" src=\"https:\/\/www.camping-du-lac-pyrenees.com\/wp-content\/uploads\/Capture-1.jpg\" alt=\"\" width=\"226\" height=\"181\" \/><\/strong><\/p>\n<p>&nbsp;<\/p>\n<p style=\"text-align: center;\"><strong>TER PLAATS Snack, bar, afhaalmaatljden : geniet van ons terras met prachtige uitzicht op de vallei en de bergen<\/strong><\/p>\n<p>&nbsp;<\/p>\n<p>&nbsp;<\/p>\n<p>&nbsp;<\/p>\n<p>&nbsp;<\/p>\n<p>Buitengewoon goed gelegen temidden van 5 bergdalen en de bekendste sites : alle bezienswaardigheden liggen rondom de camping ! Een paradijs voor wandelliefhebbers, fietsers.<\/p>\n<p>Het is tevens een ideale uitvalbasis om deze prachtige streek te ontdekken. De camping du Lac is\u00a0centraal gelegen temidden van :<\/p>\n<ul>\n<li>Col Aubisque en Soulor, Pic du Midi en\u00a0Col Tourmalet, Gavarnie met de \u201cBreche de Roland\u201d, Cauterets,\u00a0Pont Espagne en Vignemale, Barrage du Tech : zeer aangeprezen\u2026.<\/li>\n<\/ul>\n<p style=\"text-align: center;\"><strong>ACSI OF ANWB CARD WELKOM LAAGSEIZOEN !<\/strong><\/p>\n<p><img loading=\"lazy\" decoding=\"async\" class=\"wp-image-4372 aligncenter\" src=\"https:\/\/www.camping-du-lac-pyrenees.com\/wp-content\/uploads\/cadrelac21.jpg\" alt=\"\" width=\"357\" height=\"253\" \/><\/p>\n<p>Tel : + 33 6 87 39 31 47\u00a0 ou <a href=\"mailto:campinglac@campinglac65.fr\">campinglac@campinglac65.fr<\/a><\/p>\n<h4 style=\"text-align: center;\"><strong>Open : 01 juni\u00a0 t\/m 15 september\u00a0 <\/strong><\/h4>\n<h4 style=\"text-align: center;\"><strong>\u00a09 uur tot 20 uur<\/strong><\/h4>\n<p>[\/vc_column_text][\/vc_column][\/vc_row][vc_row margin_top=&#8221;80&#8243; margin_bottom=&#8221;-50&#8243; full_width=&#8221;true&#8221; el_class=&#8221;no_padding&#8221;][vc_column width=&#8221;1\/2&#8243; css=&#8221;.vc_custom_1469631409940{margin-right: 0px !important;margin-left: 0px !important;padding-right: 0px !important;padding-left: 0px !important;}&#8221;]<div class=\"shortcode-banner\" style=\"min-height: 450px;background-image: url(https:\/\/www.camping-du-lac-pyrenees.com\/wp-content\/uploads\/chalet.jpg)\"><div class=\"shortcode-banner-bg wf-table\" style=\"padding: 0px;min-height: 450px\"><div class=\"shortcode-banner-inside wf-table text-big\" style=\"background-color: rgb(0,0,0);background-color: rgba(0,0,0,0.35);border: solid 0px transparent;outline: solid 0px;outline-color: #ffffff;height: 450px\"><div><h2 style=\"text-align: right;\">Ontdekken<br \/>\n<strong>Chalets<\/strong><\/h2>\n<p style=\"text-align: right;\"><a href=\"\/nl\/chalets\/\">Chalets<\/a>\u00a0<a href=\"\/nl\/reserveren-chalets\/\">Reserveren chalets<\/a><\/p>\n<\/div><\/div><\/div><\/div>[\/vc_column][vc_column width=&#8221;1\/2&#8243; css=&#8221;.vc_custom_1469631459817{margin-right: 0px !important;margin-left: 0px !important;padding-right: 0px !important;padding-left: 0px !important;}&#8221;]<div class=\"shortcode-banner\" style=\"min-height: 450px\"><div class=\"shortcode-banner-bg wf-table\" style=\"padding: 0px;min-height: 450px\"><div class=\"shortcode-banner-inside wf-table text-big\" style=\"background-color: rgb(0,0,0);background-color: rgba(0,0,0,0.35);border: solid 0px transparent;outline: solid 0px;outline-color: #ffffff;height: 450px\"><div><h2><img loading=\"lazy\" decoding=\"async\" class=\"alignnone wp-image-4153\" src=\"https:\/\/www.camping-du-lac-pyrenees.com\/wp-content\/uploads\/emplacement.jpg\" alt=\"\" width=\"423\" height=\"217\" \/>Reserveren<br \/>\n<strong>Camping Frankrijk<\/strong><\/h2>\n<p><a href=\"https:\/\/www.camping-du-lac-pyrenees.com\/nl\/camping-frankrijk-pyreneeen-zwembad\/\">Kampeerplaatsen<\/a> <a href=\"https:\/\/www.camping-du-lac-pyrenees.com\/nl\/reserveren-camping\/\">Reserveren camping<\/a><\/p>\n<\/div><\/div><\/div><\/div>[\/vc_column][\/vc_row]<\/p>\n<\/div>","protected":false},"excerpt":{"rendered":"<p>[vc_row margin_bottom=&#8221;50&#8243; el_class=&#8221;no_padding&#8221;][vc_column width=&#8221;1\/2&#8243;][vc_video link=&#8221;https:\/\/www.youtube.com\/watch?v=-mfMWYITd3U&#8221; align=&#8221;center&#8221;][vc_column_text css=&#8221;&#8221;]\u00a0 \u00a0 \u00a0 \u00a0 . Camping Franse Pyren\u00ebeen. Reservering voor 2026\u00a0 ! &nbsp; &nbsp; Ver van de drukte in volledige natuur ! Ontdek kleine meren,\u00a0Ervaar de ongerepte natuur, geniet van pure lucht. Camping Frankrijk Pyrenee\u00ebn met zwembad Ter plaats : een restaurant, bar, afhaalmaaltijden, vers brood, ontbijten. \u00a0 Geniet&hellip;<\/p>\n","protected":false},"author":1,"featured_media":0,"parent":0,"menu_order":0,"comment_status":"closed","ping_status":"closed","template":"","meta":{"footnotes":""},"class_list":["post-701","page","type-page","status-publish","hentry","description-off"],"yoast_head":"<!-- This site is optimized with the Yoast SEO plugin v24.5 - https:\/\/yoast.com\/wordpress\/plugins\/seo\/ -->\n<title>Camping Frankrijk Pyrenee\u00ebn - Camping du lac Argel\u00e8s-Gazost<\/title>\n<meta name=\"description\" content=\"Camping Frankrijk Pyrenee\u00ebn. In de Franse Pyrene\u00ebn Camping du Lac **** op 2.5 km van Argeles-Gazost, in een zeer rustige omgeving bij het meer .\" \/>\n<meta name=\"robots\" content=\"index, follow, max-snippet:-1, max-image-preview:large, max-video-preview:-1\" \/>\n<link rel=\"canonical\" href=\"https:\/\/www.camping-du-lac-pyrenees.com\/nl\/\" \/>\n<meta property=\"og:locale\" content=\"nl_NL\" \/>\n<meta property=\"og:type\" content=\"article\" \/>\n<meta property=\"og:title\" content=\"Camping Frankrijk Pyrenee\u00ebn - Camping du lac Argel\u00e8s-Gazost\" \/>\n<meta property=\"og:description\" content=\"Camping Frankrijk Pyrenee\u00ebn. In de Franse Pyrene\u00ebn Camping du Lac **** op 2.5 km van Argeles-Gazost, in een zeer rustige omgeving bij het meer .\" \/>\n<meta property=\"og:url\" content=\"https:\/\/www.camping-du-lac-pyrenees.com\/nl\/\" \/>\n<meta property=\"og:site_name\" content=\"Camping du lac Argel\u00e8s-Gazost\" \/>\n<meta property=\"article:modified_time\" content=\"2025-10-06T15:50:42+00:00\" \/>\n<meta property=\"og:image\" content=\"https:\/\/www.camping-du-lac-pyrenees.com\/wp-content\/uploads\/unnamed-1.jpg\" \/>\n\t<meta property=\"og:image:width\" content=\"512\" \/>\n\t<meta property=\"og:image:height\" content=\"224\" \/>\n\t<meta property=\"og:image:type\" content=\"image\/jpeg\" \/>\n<meta name=\"twitter:card\" content=\"summary_large_image\" \/>\n<meta name=\"twitter:label1\" content=\"Geschatte leestijd\" \/>\n\t<meta name=\"twitter:data1\" content=\"4 minuten\" \/>\n<script type=\"application\/ld+json\" class=\"yoast-schema-graph\">{\"@context\":\"https:\/\/schema.org\",\"@graph\":[{\"@type\":\"WebPage\",\"@id\":\"https:\/\/www.camping-du-lac-pyrenees.com\/nl\/\",\"url\":\"https:\/\/www.camping-du-lac-pyrenees.com\/nl\/\",\"name\":\"Camping Frankrijk Pyrenee\u00ebn - Camping du lac Argel\u00e8s-Gazost\",\"isPartOf\":{\"@id\":\"https:\/\/www.camping-du-lac-pyrenees.com\/#website\"},\"primaryImageOfPage\":{\"@id\":\"https:\/\/www.camping-du-lac-pyrenees.com\/nl\/#primaryimage\"},\"image\":{\"@id\":\"https:\/\/www.camping-du-lac-pyrenees.com\/nl\/#primaryimage\"},\"thumbnailUrl\":\"https:\/\/www.camping-du-lac-pyrenees.com\/wp-content\/uploads\/unnamed-1.jpg\",\"datePublished\":\"2016-08-02T12:44:51+00:00\",\"dateModified\":\"2025-10-06T15:50:42+00:00\",\"description\":\"Camping Frankrijk Pyrenee\u00ebn. In de Franse Pyrene\u00ebn Camping du Lac **** op 2.5 km van Argeles-Gazost, in een zeer rustige omgeving bij het meer .\",\"breadcrumb\":{\"@id\":\"https:\/\/www.camping-du-lac-pyrenees.com\/nl\/#breadcrumb\"},\"inLanguage\":\"nl-NL\",\"potentialAction\":[{\"@type\":\"ReadAction\",\"target\":[\"https:\/\/www.camping-du-lac-pyrenees.com\/nl\/\"]}]},{\"@type\":\"ImageObject\",\"inLanguage\":\"nl-NL\",\"@id\":\"https:\/\/www.camping-du-lac-pyrenees.com\/nl\/#primaryimage\",\"url\":\"https:\/\/www.camping-du-lac-pyrenees.com\/wp-content\/uploads\/unnamed-1.jpg\",\"contentUrl\":\"https:\/\/www.camping-du-lac-pyrenees.com\/wp-content\/uploads\/unnamed-1.jpg\"},{\"@type\":\"BreadcrumbList\",\"@id\":\"https:\/\/www.camping-du-lac-pyrenees.com\/nl\/#breadcrumb\",\"itemListElement\":[{\"@type\":\"ListItem\",\"position\":1,\"name\":\"Accueil\",\"item\":\"https:\/\/www.camping-du-lac-pyrenees.com\/nl\/\"},{\"@type\":\"ListItem\",\"position\":2,\"name\":\"Camping Frankrijk Pyrenee\u00ebn\"}]},{\"@type\":\"WebSite\",\"@id\":\"https:\/\/www.camping-du-lac-pyrenees.com\/#website\",\"url\":\"https:\/\/www.camping-du-lac-pyrenees.com\/\",\"name\":\"Camping du lac Argel\u00e8s-Gazost\",\"description\":\"Hautes-Pyr\u00e9n\u00e9es\",\"potentialAction\":[{\"@type\":\"SearchAction\",\"target\":{\"@type\":\"EntryPoint\",\"urlTemplate\":\"https:\/\/www.camping-du-lac-pyrenees.com\/?s={search_term_string}\"},\"query-input\":{\"@type\":\"PropertyValueSpecification\",\"valueRequired\":true,\"valueName\":\"search_term_string\"}}],\"inLanguage\":\"nl-NL\"}]}<\/script>\n<!-- \/ Yoast SEO plugin. -->","yoast_head_json":{"title":"Camping Frankrijk Pyrenee\u00ebn - Camping du lac Argel\u00e8s-Gazost","description":"Camping Frankrijk Pyrenee\u00ebn. In de Franse Pyrene\u00ebn Camping du Lac **** op 2.5 km van Argeles-Gazost, in een zeer rustige omgeving bij het meer .","robots":{"index":"index","follow":"follow","max-snippet":"max-snippet:-1","max-image-preview":"max-image-preview:large","max-video-preview":"max-video-preview:-1"},"canonical":"https:\/\/www.camping-du-lac-pyrenees.com\/nl\/","og_locale":"nl_NL","og_type":"article","og_title":"Camping Frankrijk Pyrenee\u00ebn - Camping du lac Argel\u00e8s-Gazost","og_description":"Camping Frankrijk Pyrenee\u00ebn. In de Franse Pyrene\u00ebn Camping du Lac **** op 2.5 km van Argeles-Gazost, in een zeer rustige omgeving bij het meer .","og_url":"https:\/\/www.camping-du-lac-pyrenees.com\/nl\/","og_site_name":"Camping du lac Argel\u00e8s-Gazost","article_modified_time":"2025-10-06T15:50:42+00:00","og_image":[{"width":512,"height":224,"url":"https:\/\/www.camping-du-lac-pyrenees.com\/wp-content\/uploads\/unnamed-1.jpg","type":"image\/jpeg"}],"twitter_card":"summary_large_image","twitter_misc":{"Geschatte leestijd":"4 minuten"},"schema":{"@context":"https:\/\/schema.org","@graph":[{"@type":"WebPage","@id":"https:\/\/www.camping-du-lac-pyrenees.com\/nl\/","url":"https:\/\/www.camping-du-lac-pyrenees.com\/nl\/","name":"Camping Frankrijk Pyrenee\u00ebn - Camping du lac Argel\u00e8s-Gazost","isPartOf":{"@id":"https:\/\/www.camping-du-lac-pyrenees.com\/#website"},"primaryImageOfPage":{"@id":"https:\/\/www.camping-du-lac-pyrenees.com\/nl\/#primaryimage"},"image":{"@id":"https:\/\/www.camping-du-lac-pyrenees.com\/nl\/#primaryimage"},"thumbnailUrl":"https:\/\/www.camping-du-lac-pyrenees.com\/wp-content\/uploads\/unnamed-1.jpg","datePublished":"2016-08-02T12:44:51+00:00","dateModified":"2025-10-06T15:50:42+00:00","description":"Camping Frankrijk Pyrenee\u00ebn. In de Franse Pyrene\u00ebn Camping du Lac **** op 2.5 km van Argeles-Gazost, in een zeer rustige omgeving bij het meer .","breadcrumb":{"@id":"https:\/\/www.camping-du-lac-pyrenees.com\/nl\/#breadcrumb"},"inLanguage":"nl-NL","potentialAction":[{"@type":"ReadAction","target":["https:\/\/www.camping-du-lac-pyrenees.com\/nl\/"]}]},{"@type":"ImageObject","inLanguage":"nl-NL","@id":"https:\/\/www.camping-du-lac-pyrenees.com\/nl\/#primaryimage","url":"https:\/\/www.camping-du-lac-pyrenees.com\/wp-content\/uploads\/unnamed-1.jpg","contentUrl":"https:\/\/www.camping-du-lac-pyrenees.com\/wp-content\/uploads\/unnamed-1.jpg"},{"@type":"BreadcrumbList","@id":"https:\/\/www.camping-du-lac-pyrenees.com\/nl\/#breadcrumb","itemListElement":[{"@type":"ListItem","position":1,"name":"Accueil","item":"https:\/\/www.camping-du-lac-pyrenees.com\/nl\/"},{"@type":"ListItem","position":2,"name":"Camping Frankrijk Pyrenee\u00ebn"}]},{"@type":"WebSite","@id":"https:\/\/www.camping-du-lac-pyrenees.com\/#website","url":"https:\/\/www.camping-du-lac-pyrenees.com\/","name":"Camping du lac Argel\u00e8s-Gazost","description":"Hautes-Pyr\u00e9n\u00e9es","potentialAction":[{"@type":"SearchAction","target":{"@type":"EntryPoint","urlTemplate":"https:\/\/www.camping-du-lac-pyrenees.com\/?s={search_term_string}"},"query-input":{"@type":"PropertyValueSpecification","valueRequired":true,"valueName":"search_term_string"}}],"inLanguage":"nl-NL"}]}},"_links":{"self":[{"href":"https:\/\/www.camping-du-lac-pyrenees.com\/nl\/wp-json\/wp\/v2\/pages\/701","targetHints":{"allow":["GET"]}}],"collection":[{"href":"https:\/\/www.camping-du-lac-pyrenees.com\/nl\/wp-json\/wp\/v2\/pages"}],"about":[{"href":"https:\/\/www.camping-du-lac-pyrenees.com\/nl\/wp-json\/wp\/v2\/types\/page"}],"author":[{"embeddable":true,"href":"https:\/\/www.camping-du-lac-pyrenees.com\/nl\/wp-json\/wp\/v2\/users\/1"}],"replies":[{"embeddable":true,"href":"https:\/\/www.camping-du-lac-pyrenees.com\/nl\/wp-json\/wp\/v2\/comments?post=701"}],"version-history":[{"count":109,"href":"https:\/\/www.camping-du-lac-pyrenees.com\/nl\/wp-json\/wp\/v2\/pages\/701\/revisions"}],"predecessor-version":[{"id":6229,"href":"https:\/\/www.camping-du-lac-pyrenees.com\/nl\/wp-json\/wp\/v2\/pages\/701\/revisions\/6229"}],"wp:attachment":[{"href":"https:\/\/www.camping-du-lac-pyrenees.com\/nl\/wp-json\/wp\/v2\/media?parent=701"}],"curies":[{"name":"wp","href":"https:\/\/api.w.org\/{rel}","templated":true}]}}