{"id":760,"date":"2016-08-02T15:10:07","date_gmt":"2016-08-02T13:10:07","guid":{"rendered":"http:\/\/camdulac.novae-developpement.com\/nl\/?page_id=760"},"modified":"2026-03-10T08:32:21","modified_gmt":"2026-03-10T07:32:21","slug":"reserveren-camping","status":"publish","type":"page","link":"https:\/\/www.camping-du-lac-pyrenees.com\/nl\/reserveren-camping\/","title":{"rendered":"Tarieven camping"},"content":{"rendered":"<div class=\"wpb-content-wrapper\"><p>[vc_row][vc_column el_class=&#8221;box_camdulac&#8221;][vc_column_text]<\/p>\n<h1>Camping Pyrenee\u00ebn met zwembad<\/h1>\n<h1>Tarieven :<\/h1>\n<p>[\/vc_column_text][vc_empty_space height=&#8221;20px&#8221;][vc_row_inner][vc_column_inner width=&#8221;3\/4&#8243;][vc_btn title=&#8221;RESERVEREN&#8221; style=&#8221;3d&#8221; color=&#8221;sandy-brown&#8221; align=&#8221;center&#8221; link=&#8221;url:https%3A%2F%2Fnaxiresa.inaxel.com%2Fetape1-criteres.php%3Flang%3D4%26compte%3Dlac65||target:%20_blank|&#8221; el_class=&#8221;btn_camping reservation&#8221;][vc_column_text css=&#8221;&#8221;]<\/p>\n<h5 style=\"text-align: center;\"><\/h5>\n<h4 style=\"text-align: center;\"><strong>01\/06 tot 05\/07\u00a0 \u00a0 \u00a0en\u00a0 \u00a0 \u00a0 \u00a001\/09 tot 15\/09\u00a0 \u00a0=<\/strong><\/h4>\n<h5 style=\"text-align: center;\"><strong>18 \u20ac \/ NACHT ( 2 personen + kampeerplaats + 5 A inbegrepen)\u00a0<\/strong><\/h5>\n<h5 style=\"text-align: center;\"><strong>CAMPING CARD ACSI OF ANWB WILKOMEN IN JUNI EN SEPTEMBER<\/strong><\/h5>\n<p>\n<table id=\"tablepress-9\" class=\"tablepress tablepress-id-9 price-table\">\n<tbody class=\"row-striping\">\n<tr class=\"row-1\">\n\t<td class=\"column-1\"><\/td><td class=\"column-2\"><strong>01\/06 - 05\/07<br \/>\n30\/08 - 15\/09<br \/>\n<a href=\"https:\/\/naxiresa.inaxel.com\/etape1-criteres.php?lang=4&amp;compte=lac65\">RESERVEREN<\/a><br \/>\n<\/strong><br \/>\n<\/td><td class=\"column-3\"><strong>05\/07-12\/07<br \/>\n23\/08-31\/08<\/strong><br \/>\n<a href=\"https:\/\/naxiresa.inaxel.com\/etape1-criteres.php?lang=4&amp;compte=lac65\">RESERVEREN<\/a><br \/>\n<\/td><td class=\"column-4\"><strong>12\/07-16\/07<br \/>\n17\/08-23\/08<\/strong><br \/>\n<a href=\"https:\/\/naxiresa.inaxel.com\/etape1-criteres.php?lang=4&amp;compte=lac65\">RESERVEREN<\/a><\/td><td class=\"column-5\"><strong>16\/07-24\/08 <\/strong><br \/>\n<br \/>\n<a href=\"https:\/\/naxiresa.inaxel.com\/etape1-criteres.php?lang=4&amp;compte=lac65\">RESERVEREN<\/a><\/td>\n<\/tr>\n<tr class=\"row-2\">\n\t<td class=\"column-1\">TARIEVEN : 2026<br \/>\n per dag (van 13 uur tot 12 uur)<\/td><td class=\"column-2\">juni en september <br \/>\nACSI en CKE wilkomen<br \/>\n<\/td><td class=\"column-3\"><\/td><td class=\"column-4\"><\/td><td class=\"column-5\"><\/td>\n<\/tr>\n<tr class=\"row-3\">\n\t<td class=\"column-1\">2 personen  + 1 plaats<br \/>\n<\/td><td class=\"column-2\">18 \u20ac<br \/>\n<\/td><td class=\"column-3\">24 \u20ac<\/td><td class=\"column-4\">32 \u20ac<\/td><td class=\"column-5\">38.50 \u20ac<\/td>\n<\/tr>\n<tr class=\"row-4\">\n\t<td class=\"column-1\">2 personen + 1 camper<\/td><td class=\"column-2\">17.50 \u20ac<\/td><td class=\"column-3\">23 \u20ac<\/td><td class=\"column-4\">32 \u20ac<\/td><td class=\"column-5\">38.50 \u20ac<\/td>\n<\/tr>\n<tr class=\"row-5\">\n\t<td class=\"column-1\">2 pers+ plaats+ 3A<br \/>\n2 pers+ 1 plaats+5A<br \/>\n2 pers+plaats+10A<br \/>\n<\/td><td class=\"column-2\">3 A gratis<br \/>\n5 A gratis<br \/>\n10 A : 1.50\u20ac\/nacht<\/td><td class=\"column-3\">27\u20ac<br \/>\n28.60 \u20ac<br \/>\n29.60 \u20ac<\/td><td class=\"column-4\">35 \u20ac<br \/>\n36.60 \u20ac<br \/>\n37.60 \u20ac<\/td><td class=\"column-5\">43\u20ac<br \/>\n43.10 \u20ac<br \/>\n44.10 \u20ac<\/td>\n<\/tr>\n<tr class=\"row-6\">\n\t<td class=\"column-1\">Extra persoon (vanaf 7 jaar)<\/td><td class=\"column-2\">5.90 \u20ac<\/td><td class=\"column-3\">6.00  \u20ac<\/td><td class=\"column-4\">6.20 \u20ac<\/td><td class=\"column-5\">7.10 \u20ac<\/td>\n<\/tr>\n<tr class=\"row-7\">\n\t<td class=\"column-1\">Kinderen van 1 t\/m 6 jaar<\/td><td class=\"column-2\">4.20 \u20ac<\/td><td class=\"column-3\">4.90 \u20ac<\/td><td class=\"column-4\">5.70 \u20ac<\/td><td class=\"column-5\">6.50 \u20ac<\/td>\n<\/tr>\n<tr class=\"row-8\">\n\t<td class=\"column-1\">Verhuren van ijskast : 48 liters<br \/>\nWaarborgsom van 50\u20ac<\/td><td class=\"column-2\">5.60 \u20ac<\/td><td class=\"column-3\">5.60 \u20ac<\/td><td class=\"column-4\">6.00 \u20ac<\/td><td class=\"column-5\">6.50 \u20ac<\/td>\n<\/tr>\n<tr class=\"row-9\">\n\t<td class=\"column-1\">Hond<\/td><td class=\"column-2\">3.00 \u20ac<\/td><td class=\"column-3\">3.00 \u20ac<\/td><td class=\"column-4\">3.00 \u20ac<\/td><td class=\"column-5\">3.50 \u20ac<\/td>\n<\/tr>\n<tr class=\"row-10\">\n\t<td class=\"column-1\">Extra auto<\/td><td class=\"column-2\">2.50 \u20ac<\/td><td class=\"column-3\">2.50 \u20ac<\/td><td class=\"column-4\">2.50 \u20ac<\/td><td class=\"column-5\">2.50 \u20ac<\/td>\n<\/tr>\n<\/tbody>\n<\/table>\n<!-- #tablepress-9 from cache -->[\/vc_column_text][vc_empty_space height=&#8221;20px&#8221;][vc_column_text][\/vc_column_text][vc_empty_space height=&#8221;20px&#8221;][vc_column_text]Toeristenbelasting : 0.86 \u20ac \/ nacht \/ volwassene + 18 jaar.[\/vc_column_text][\/vc_column_inner][vc_column_inner width=&#8221;1\/4&#8243; css=&#8221;.vc_custom_1469720897312{margin-right: 0px !important;margin-left: 0px !important;padding-right: 0px !important;padding-left: 0px !important;}&#8221;][vc_column_text][\/vc_column_text][vc_media_grid element_width=&#8221;12&#8243; gap=&#8221;10&#8243; item=&#8221;masonryMedia_Default&#8221; css=&#8221;&#8221; grid_id=&#8221;vc_gid:1773127921315-bf3a7057-3191-10&#8243; include=&#8221;6254,1399,1269,1268&#8243;][vc_column_text]<strong>CAMPING CARD ACSI OF CKE WELKOM IN LAAGSEIZOEN !!<\/strong>[\/vc_column_text][\/vc_column_inner][\/vc_row_inner][vc_empty_space height=&#8221;20px&#8221;]<div class=\"hr-thin style-line\" style=\"width: 100%;\"><\/div>[vc_empty_space height=&#8221;20px&#8221;][vc_row_inner][vc_column_inner][vc_column_text]<b>Vlotte toegang, zelfs met een grote caravan :<\/b><\/p>\n<ol>\n<li>Vanuit Lourdes : volgt u richting ARGELES-GAZOST (Viaduc).<\/li>\n<li>Steeds rechtdoor (niet afslaan) tot aan de rotonde. Sla rechts af richting &#8220;ARGELES- CAUTERETS&#8221;.<\/li>\n<li>Op de volgende rotonde links afslaan richting &#8220;PIERREFITTE-CAUTERETS&#8221;.<\/li>\n<li>Rechtdoor (u rijdt voorbij een kleine rotonde), volg richting &#8220;ARCIZANS-AVANT&#8221; op de volgende rotonde.<\/li>\n<li>Volg nu richting ARCIZANS AVANT\u00a0via SAINT SAVIN.<\/li>\n<\/ol>\n<p>[\/vc_column_text][\/vc_column_inner][\/vc_row_inner][\/vc_column][\/vc_row]<\/p>\n<\/div>","protected":false},"excerpt":{"rendered":"<p>[vc_row][vc_column el_class=&#8221;box_camdulac&#8221;][vc_column_text] Camping Pyrenee\u00ebn met zwembad Tarieven : [\/vc_column_text][vc_empty_space height=&#8221;20px&#8221;][vc_row_inner][vc_column_inner width=&#8221;3\/4&#8243;][vc_btn title=&#8221;RESERVEREN&#8221; style=&#8221;3d&#8221; color=&#8221;sandy-brown&#8221; align=&#8221;center&#8221; link=&#8221;url:https%3A%2F%2Fnaxiresa.inaxel.com%2Fetape1-criteres.php%3Flang%3D4%26compte%3Dlac65||target:%20_blank|&#8221; el_class=&#8221;btn_camping reservation&#8221;][vc_column_text css=&#8221;&#8221;] 01\/06 tot 05\/07\u00a0 \u00a0 \u00a0en\u00a0 \u00a0 \u00a0 \u00a001\/09 tot 15\/09\u00a0 \u00a0= 18 \u20ac \/ NACHT ( 2 personen + kampeerplaats + 5 A inbegrepen)\u00a0 CAMPING CARD ACSI OF ANWB WILKOMEN IN JUNI EN SEPTEMBER [\/vc_column_text][vc_empty_space height=&#8221;20px&#8221;][vc_column_text][\/vc_column_text][vc_empty_space&hellip;<\/p>\n","protected":false},"author":1,"featured_media":0,"parent":0,"menu_order":0,"comment_status":"closed","ping_status":"closed","template":"","meta":{"footnotes":""},"class_list":["post-760","page","type-page","status-publish","hentry","description-off"],"yoast_head":"<!-- This site is optimized with the Yoast SEO plugin v24.5 - https:\/\/yoast.com\/wordpress\/plugins\/seo\/ -->\n<title>Tarieven camping - Camping du lac Argel\u00e8s-Gazost<\/title>\n<meta name=\"robots\" content=\"index, follow, max-snippet:-1, max-image-preview:large, max-video-preview:-1\" \/>\n<link rel=\"canonical\" href=\"https:\/\/www.camping-du-lac-pyrenees.com\/nl\/reserveren-camping\/\" \/>\n<meta property=\"og:locale\" content=\"nl_NL\" \/>\n<meta property=\"og:type\" content=\"article\" \/>\n<meta property=\"og:title\" content=\"Tarieven camping - Camping du lac Argel\u00e8s-Gazost\" \/>\n<meta property=\"og:description\" content=\"[vc_row][vc_column el_class=&#8221;box_camdulac&#8221;][vc_column_text] Camping Pyrenee\u00ebn met zwembad Tarieven : [\/vc_column_text][vc_empty_space height=&#8221;20px&#8221;][vc_row_inner][vc_column_inner width=&#8221;3\/4&#8243;][vc_btn title=&#8221;RESERVEREN&#8221; style=&#8221;3d&#8221; color=&#8221;sandy-brown&#8221; align=&#8221;center&#8221; link=&#8221;url:https%3A%2F%2Fnaxiresa.inaxel.com%2Fetape1-criteres.php%3Flang%3D4%26compte%3Dlac65||target:%20_blank|&#8221; el_class=&#8221;btn_camping reservation&#8221;][vc_column_text css=&#8221;&#8221;] 01\/06 tot 05\/07\u00a0 \u00a0 \u00a0en\u00a0 \u00a0 \u00a0 \u00a001\/09 tot 15\/09\u00a0 \u00a0= 18 \u20ac \/ NACHT ( 2 personen + kampeerplaats + 5 A inbegrepen)\u00a0 CAMPING CARD ACSI OF ANWB WILKOMEN IN JUNI EN SEPTEMBER [\/vc_column_text][vc_empty_space height=&#8221;20px&#8221;][vc_column_text][\/vc_column_text][vc_empty_space&hellip;\" \/>\n<meta property=\"og:url\" content=\"https:\/\/www.camping-du-lac-pyrenees.com\/nl\/reserveren-camping\/\" \/>\n<meta property=\"og:site_name\" content=\"Camping du lac Argel\u00e8s-Gazost\" \/>\n<meta property=\"article:modified_time\" content=\"2026-03-10T07:32:21+00:00\" \/>\n<meta name=\"twitter:card\" content=\"summary_large_image\" \/>\n<meta name=\"twitter:label1\" content=\"Geschatte leestijd\" \/>\n\t<meta name=\"twitter:data1\" content=\"2 minuten\" \/>\n<script type=\"application\/ld+json\" class=\"yoast-schema-graph\">{\"@context\":\"https:\/\/schema.org\",\"@graph\":[{\"@type\":\"WebPage\",\"@id\":\"https:\/\/www.camping-du-lac-pyrenees.com\/nl\/reserveren-camping\/\",\"url\":\"https:\/\/www.camping-du-lac-pyrenees.com\/nl\/reserveren-camping\/\",\"name\":\"Tarieven camping - Camping du lac Argel\u00e8s-Gazost\",\"isPartOf\":{\"@id\":\"https:\/\/www.camping-du-lac-pyrenees.com\/#website\"},\"datePublished\":\"2016-08-02T13:10:07+00:00\",\"dateModified\":\"2026-03-10T07:32:21+00:00\",\"breadcrumb\":{\"@id\":\"https:\/\/www.camping-du-lac-pyrenees.com\/nl\/reserveren-camping\/#breadcrumb\"},\"inLanguage\":\"nl-NL\",\"potentialAction\":[{\"@type\":\"ReadAction\",\"target\":[\"https:\/\/www.camping-du-lac-pyrenees.com\/nl\/reserveren-camping\/\"]}]},{\"@type\":\"BreadcrumbList\",\"@id\":\"https:\/\/www.camping-du-lac-pyrenees.com\/nl\/reserveren-camping\/#breadcrumb\",\"itemListElement\":[{\"@type\":\"ListItem\",\"position\":1,\"name\":\"Accueil\",\"item\":\"https:\/\/www.camping-du-lac-pyrenees.com\/nl\/\"},{\"@type\":\"ListItem\",\"position\":2,\"name\":\"Tarieven camping\"}]},{\"@type\":\"WebSite\",\"@id\":\"https:\/\/www.camping-du-lac-pyrenees.com\/#website\",\"url\":\"https:\/\/www.camping-du-lac-pyrenees.com\/\",\"name\":\"Camping du lac Argel\u00e8s-Gazost\",\"description\":\"Hautes-Pyr\u00e9n\u00e9es\",\"potentialAction\":[{\"@type\":\"SearchAction\",\"target\":{\"@type\":\"EntryPoint\",\"urlTemplate\":\"https:\/\/www.camping-du-lac-pyrenees.com\/?s={search_term_string}\"},\"query-input\":{\"@type\":\"PropertyValueSpecification\",\"valueRequired\":true,\"valueName\":\"search_term_string\"}}],\"inLanguage\":\"nl-NL\"}]}<\/script>\n<!-- \/ Yoast SEO plugin. -->","yoast_head_json":{"title":"Tarieven camping - Camping du lac Argel\u00e8s-Gazost","robots":{"index":"index","follow":"follow","max-snippet":"max-snippet:-1","max-image-preview":"max-image-preview:large","max-video-preview":"max-video-preview:-1"},"canonical":"https:\/\/www.camping-du-lac-pyrenees.com\/nl\/reserveren-camping\/","og_locale":"nl_NL","og_type":"article","og_title":"Tarieven camping - Camping du lac Argel\u00e8s-Gazost","og_description":"[vc_row][vc_column el_class=&#8221;box_camdulac&#8221;][vc_column_text] Camping Pyrenee\u00ebn met zwembad Tarieven : [\/vc_column_text][vc_empty_space height=&#8221;20px&#8221;][vc_row_inner][vc_column_inner width=&#8221;3\/4&#8243;][vc_btn title=&#8221;RESERVEREN&#8221; style=&#8221;3d&#8221; color=&#8221;sandy-brown&#8221; align=&#8221;center&#8221; link=&#8221;url:https%3A%2F%2Fnaxiresa.inaxel.com%2Fetape1-criteres.php%3Flang%3D4%26compte%3Dlac65||target:%20_blank|&#8221; el_class=&#8221;btn_camping reservation&#8221;][vc_column_text css=&#8221;&#8221;] 01\/06 tot 05\/07\u00a0 \u00a0 \u00a0en\u00a0 \u00a0 \u00a0 \u00a001\/09 tot 15\/09\u00a0 \u00a0= 18 \u20ac \/ NACHT ( 2 personen + kampeerplaats + 5 A inbegrepen)\u00a0 CAMPING CARD ACSI OF ANWB WILKOMEN IN JUNI EN SEPTEMBER [\/vc_column_text][vc_empty_space height=&#8221;20px&#8221;][vc_column_text][\/vc_column_text][vc_empty_space&hellip;","og_url":"https:\/\/www.camping-du-lac-pyrenees.com\/nl\/reserveren-camping\/","og_site_name":"Camping du lac Argel\u00e8s-Gazost","article_modified_time":"2026-03-10T07:32:21+00:00","twitter_card":"summary_large_image","twitter_misc":{"Geschatte leestijd":"2 minuten"},"schema":{"@context":"https:\/\/schema.org","@graph":[{"@type":"WebPage","@id":"https:\/\/www.camping-du-lac-pyrenees.com\/nl\/reserveren-camping\/","url":"https:\/\/www.camping-du-lac-pyrenees.com\/nl\/reserveren-camping\/","name":"Tarieven camping - Camping du lac Argel\u00e8s-Gazost","isPartOf":{"@id":"https:\/\/www.camping-du-lac-pyrenees.com\/#website"},"datePublished":"2016-08-02T13:10:07+00:00","dateModified":"2026-03-10T07:32:21+00:00","breadcrumb":{"@id":"https:\/\/www.camping-du-lac-pyrenees.com\/nl\/reserveren-camping\/#breadcrumb"},"inLanguage":"nl-NL","potentialAction":[{"@type":"ReadAction","target":["https:\/\/www.camping-du-lac-pyrenees.com\/nl\/reserveren-camping\/"]}]},{"@type":"BreadcrumbList","@id":"https:\/\/www.camping-du-lac-pyrenees.com\/nl\/reserveren-camping\/#breadcrumb","itemListElement":[{"@type":"ListItem","position":1,"name":"Accueil","item":"https:\/\/www.camping-du-lac-pyrenees.com\/nl\/"},{"@type":"ListItem","position":2,"name":"Tarieven camping"}]},{"@type":"WebSite","@id":"https:\/\/www.camping-du-lac-pyrenees.com\/#website","url":"https:\/\/www.camping-du-lac-pyrenees.com\/","name":"Camping du lac Argel\u00e8s-Gazost","description":"Hautes-Pyr\u00e9n\u00e9es","potentialAction":[{"@type":"SearchAction","target":{"@type":"EntryPoint","urlTemplate":"https:\/\/www.camping-du-lac-pyrenees.com\/?s={search_term_string}"},"query-input":{"@type":"PropertyValueSpecification","valueRequired":true,"valueName":"search_term_string"}}],"inLanguage":"nl-NL"}]}},"_links":{"self":[{"href":"https:\/\/www.camping-du-lac-pyrenees.com\/nl\/wp-json\/wp\/v2\/pages\/760","targetHints":{"allow":["GET"]}}],"collection":[{"href":"https:\/\/www.camping-du-lac-pyrenees.com\/nl\/wp-json\/wp\/v2\/pages"}],"about":[{"href":"https:\/\/www.camping-du-lac-pyrenees.com\/nl\/wp-json\/wp\/v2\/types\/page"}],"author":[{"embeddable":true,"href":"https:\/\/www.camping-du-lac-pyrenees.com\/nl\/wp-json\/wp\/v2\/users\/1"}],"replies":[{"embeddable":true,"href":"https:\/\/www.camping-du-lac-pyrenees.com\/nl\/wp-json\/wp\/v2\/comments?post=760"}],"version-history":[{"count":47,"href":"https:\/\/www.camping-du-lac-pyrenees.com\/nl\/wp-json\/wp\/v2\/pages\/760\/revisions"}],"predecessor-version":[{"id":6259,"href":"https:\/\/www.camping-du-lac-pyrenees.com\/nl\/wp-json\/wp\/v2\/pages\/760\/revisions\/6259"}],"wp:attachment":[{"href":"https:\/\/www.camping-du-lac-pyrenees.com\/nl\/wp-json\/wp\/v2\/media?parent=760"}],"curies":[{"name":"wp","href":"https:\/\/api.w.org\/{rel}","templated":true}]}}