{"id":783,"date":"2016-08-02T15:23:04","date_gmt":"2016-08-02T13:23:04","guid":{"rendered":"http:\/\/camdulac.novae-developpement.com\/nl\/?page_id=783"},"modified":"2026-03-10T08:33:00","modified_gmt":"2026-03-10T07:33:00","slug":"reserveren-chalets","status":"publish","type":"page","link":"https:\/\/www.camping-du-lac-pyrenees.com\/nl\/reserveren-chalets\/","title":{"rendered":"Tarieven chalets"},"content":{"rendered":"<div class=\"wpb-content-wrapper\"><p>[vc_row][vc_column el_class=&#8221;box_camdulac&#8221;][vc_column_text]<\/p>\n<h1>Tarieven chalets<\/h1>\n<p>[\/vc_column_text][vc_empty_space height=&#8221;20px&#8221;][vc_row_inner][vc_column_inner width=&#8221;3\/4&#8243;][vc_btn title=&#8221;Reserveren&#8221; style=&#8221;flat&#8221; shape=&#8221;square&#8221; align=&#8221;left&#8221; link=&#8221;url:https%3A%2F%2Fnaxiresa.inaxel.com%2Fetape1-criteres.php%3Flang%3D4%26compte%3Dlac65||target:%20_blank|&#8221; el_class=&#8221;btn_camping reservation&#8221;][vc_column_text]\n<table id=\"tablepress-11\" class=\"tablepress tablepress-id-11 price-table tbody-has-connected-cells\">\n<tbody>\n<tr class=\"row-1\">\n\t<td class=\"column-1\">TARIEVEN  SEIZOEN 2026<br \/>\n<a href=\"https:\/\/naxiresa.inaxel.com\/etape1-criteres.php?lang=4&amp;compte=lac65\">ONLINE RESERVERING : KLIK HIER<\/a><\/td><td class=\"column-2\">42 M\u00b2<br \/>\n\u00ab Chalet Luxe \u00bb<br \/>\ntot 5 personnen<br \/>\nZaterdag t\/m Zaterdag<\/td><td class=\"column-3\">42 M\u00b2<br \/>\n\u00ab Chalet Luxe \u00bb<br \/>\n6 Nachten<br \/>\nZaterdag t\/m Vrijdag<\/td><td colspan=\"2\" class=\"column-4\">35 M\u00b2<br \/>\n\u00ab Chalet Confort \u00bb<br \/>\ntot 4 personnen<\/td>\n<\/tr>\n<tr class=\"row-2\">\n\t<td class=\"column-1\">Een week tussen  06\/06 i\/m -27\/06<\/td><td class=\"column-2\">395  \u20ac<\/td><td class=\"column-3\">385  \u20ac<\/td><td class=\"column-4\">375 \u20ac<\/td><td class=\"column-5\"><a href=\"https:\/\/naxiresa.inaxel.com\/etape1-criteres.php?lang=4&amp;compte=lac65\">RESERVEREN<\/a><\/td>\n<\/tr>\n<tr class=\"row-3\">\n\t<td class=\"column-1\">27\/06 t\/m 04\/07<\/td><td class=\"column-2\">435 \u20ac<br \/>\n<\/td><td class=\"column-3\">405 \u20ac<\/td><td class=\"column-4\">410 \u20ac<br \/>\n<\/td><td class=\"column-5\"><a href=\"https:\/\/naxiresa.inaxel.com\/etape1-criteres.php?lang=4&amp;compte=lac65\">RESERVEREN<\/a><\/td>\n<\/tr>\n<tr class=\"row-4\">\n\t<td class=\"column-1\">04\/07 t\/m 11\/07<\/td><td class=\"column-2\">465 \u20ac<\/td><td class=\"column-3\">405  \u20ac<\/td><td class=\"column-4\">420 \u20ac<\/td><td class=\"column-5\"><a href=\"https:\/\/naxiresa.inaxel.com\/etape1-criteres.php?lang=4&amp;compte=lac65\">RESERVEREN<\/a><\/td>\n<\/tr>\n<tr class=\"row-5\">\n\t<td class=\"column-1\">11\/07 t\/m 18\/07<\/td><td class=\"column-2\">830 \u20ac<\/td><td class=\"column-3\">815 \u20ac<\/td><td class=\"column-4\">795 \u20ac<\/td><td class=\"column-5\"><a href=\"https:\/\/naxiresa.inaxel.com\/etape1-criteres.php?lang=4&amp;compte=lac65\">RESERVEREN<\/a><\/td>\n<\/tr>\n<tr class=\"row-6\">\n\t<td class=\"column-1\">18\/07 t\/m 25\/07 <\/td><td class=\"column-2\">930 \u20ac<\/td><td class=\"column-3\">880 \u20ac<\/td><td class=\"column-4\">880 \u20ac<\/td><td class=\"column-5\"><a href=\"https:\/\/naxiresa.inaxel.com\/etape1-criteres.php?lang=4&amp;compte=lac65\">RESERVEREN<\/a><\/td>\n<\/tr>\n<tr class=\"row-7\">\n\t<td class=\"column-1\">Een week tussen 25\/07 en 15\/08<\/td><td class=\"column-2\">1080 \u20ac<br \/>\n<\/td><td class=\"column-3\">1050 \u20ac<\/td><td class=\"column-4\">1050 \u20ac<br \/>\n<\/td><td class=\"column-5\"><a href=\"https:\/\/naxiresa.inaxel.com\/etape1-criteres.php?lang=4&amp;compte=lac65\">RESERVEREN<\/a><\/td>\n<\/tr>\n<tr class=\"row-8\">\n\t<td class=\"column-1\">15\/08 t\/m 22\/08<\/td><td class=\"column-2\">1020 \u20ac<br \/>\n<\/td><td class=\"column-3\">999 \u20ac<\/td><td class=\"column-4\">999 \u20ac<br \/>\n<\/td><td class=\"column-5\"><a href=\"https:\/\/naxiresa.inaxel.com\/etape1-criteres.php?lang=4&amp;compte=lac65\">RESERVEREN<\/a><\/td>\n<\/tr>\n<tr class=\"row-9\">\n\t<td class=\"column-1\">22\/08 t\/m 29\/08<\/td><td class=\"column-2\">689 \u20ac<br \/>\n<\/td><td class=\"column-3\">650 \u20ac<\/td><td class=\"column-4\">639\u20ac<\/td><td class=\"column-5\"><a href=\"https:\/\/naxiresa.inaxel.com\/etape1-criteres.php?lang=4&amp;compte=lac65\">RESERVEREN<\/a><\/td>\n<\/tr>\n<tr class=\"row-10\">\n\t<td class=\"column-1\">Een week tussen  30\/08-28\/09<\/td><td class=\"column-2\">395 \u20ac<\/td><td class=\"column-3\">375 \u20ac<\/td><td class=\"column-4\">370\u20ac<\/td><td class=\"column-5\"><a href=\"https:\/\/naxiresa.inaxel.com\/etape1-criteres.php?lang=4&amp;compte=lac65\">RESERVEREN<\/a><\/td>\n<\/tr>\n<tr class=\"row-11\">\n\t<td class=\"column-1\">Schoonmaakdienst op het einde van uw verblijf<\/td><td class=\"column-2\">56 \u20ac <\/td><td class=\"column-3\">56 \u20ac <\/td><td colspan=\"2\" class=\"column-4\">56  \u20ac<\/td>\n<\/tr>\n<tr class=\"row-12\">\n\t<td class=\"column-1\">Verhuur van hoeslakens voor alle bedden + dekbed overtrekken<\/td><td class=\"column-2\">53 \u20ac \/ week<br \/>\n<\/td><td class=\"column-3\">45 \u20ac<\/td><td colspan=\"2\" class=\"column-4\">53 \u20ac\/ week<\/td>\n<\/tr>\n<\/tbody>\n<\/table>\n<!-- #tablepress-11 from cache -->[\/vc_column_text][vc_empty_space height=&#8221;20px&#8221;][vc_column_text]Toeristenbelasting = 0.86 \u20ac per persoon\u00a0 + de 18\u00a0jaar \/ nacht.<br \/>\nVan 1 september t\/m 31 mei worden extra verwarmingskosten naar verbruik doorverrekend.[\/vc_column_text][\/vc_column_inner][vc_column_inner width=&#8221;1\/4&#8243; css=&#8221;.vc_custom_1469720844978{margin-right: 0px !important;margin-left: 0px !important;padding-right: 0px !important;padding-left: 0px !important;}&#8221;][vc_media_grid element_width=&#8221;12&#8243; gap=&#8221;10&#8243; item=&#8221;masonryMedia_Default&#8221; css=&#8221;&#8221; grid_id=&#8221;vc_gid:1773127952644-06868e3d-6fe3-8&#8243; include=&#8221;6254,2717,406&#8243;][\/vc_column_inner][\/vc_row_inner][\/vc_column][\/vc_row][vc_row][vc_column][vc_column_text]<\/p>\n<h1>Beschrijving voor een chalet<\/h1>\n<p>&nbsp;<\/p>\n<table>\n<tbody>\n<tr>\n<td width=\"214\">&nbsp;<\/p>\n<p>&#8211;\u00a0\u00a0\u00a0\u00a0\u00a0\u00a0\u00a0 6 glazen<\/p>\n<p>&#8211;\u00a0\u00a0\u00a0\u00a0\u00a0\u00a0\u00a0 6 diepe borden<\/p>\n<p>&#8211;\u00a0\u00a0\u00a0\u00a0\u00a0\u00a0\u00a0 6 platte borden<\/p>\n<p>&#8211;\u00a0\u00a0\u00a0\u00a0\u00a0\u00a0\u00a0 6 dessertborden<\/p>\n<p>&#8211;\u00a0\u00a0\u00a0\u00a0\u00a0\u00a0\u00a0 6 kommetjes<\/p>\n<p>&#8211;\u00a0\u00a0\u00a0\u00a0\u00a0\u00a0\u00a0 6 koffiekopjes<\/p>\n<p>&#8211;\u00a0\u00a0\u00a0\u00a0\u00a0\u00a0\u00a0 6 makken<\/p>\n<p>&#8211;\u00a0\u00a0\u00a0\u00a0\u00a0\u00a0\u00a0 6 vorken<\/p>\n<p>&#8211;\u00a0\u00a0\u00a0\u00a0\u00a0\u00a0\u00a0 6 messen<\/p>\n<p>&#8211;\u00a0\u00a0\u00a0\u00a0\u00a0\u00a0\u00a0 6 lepels<\/p>\n<p>&#8211;\u00a0\u00a0\u00a0\u00a0\u00a0\u00a0\u00a0 6 koffielepels<\/p>\n<p>&#8211;\u00a0\u00a0\u00a0\u00a0\u00a0\u00a0\u00a0 2\u00a0 snijmessen<\/p>\n<p>&#8211;\u00a0\u00a0\u00a0\u00a0\u00a0\u00a0\u00a0 1 blikopener<\/p>\n<p>&#8211;\u00a0\u00a0\u00a0\u00a0\u00a0\u00a0\u00a0 1 kurkentrekker<\/p>\n<p>&#8211;\u00a0\u00a0\u00a0\u00a0\u00a0\u00a0\u00a0 2 slalepels<\/p>\n<p>&#8211;\u00a0\u00a0\u00a0\u00a0\u00a0\u00a0\u00a0 1 soeplepel<\/p>\n<p>&#8211;\u00a0\u00a0\u00a0\u00a0\u00a0\u00a0\u00a0 1 schuimspaan<\/p>\n<p>&#8211;\u00a0\u00a0\u00a0\u00a0\u00a0\u00a0\u00a0 1 houten lepel<\/p>\n<p>&#8211;<\/td>\n<td width=\"222\">&nbsp;<\/p>\n<p>&#8211;\u00a0\u00a0\u00a0\u00a0\u00a0\u00a0\u00a0 1 kookpot<\/p>\n<p>&#8211;\u00a0\u00a0\u00a0\u00a0\u00a0\u00a0\u00a0 1 kockenpan + deksel<\/p>\n<p>&#8211;\u00a0\u00a0\u00a0\u00a0\u00a0\u00a0\u00a0 1 kleine en 1 grote steelpan<\/p>\n<p>&#8211;\u00a0\u00a0\u00a0\u00a0\u00a0\u00a0\u00a0 1 deksel<\/p>\n<p>&#8211;\u00a0\u00a0\u00a0\u00a0\u00a0\u00a0\u00a0 1 karaf<\/p>\n<p>&#8211;\u00a0\u00a0\u00a0\u00a0\u00a0\u00a0\u00a0 2 schotels voor slakammer<\/p>\n<p>&#8211;\u00a0\u00a0\u00a0\u00a0\u00a0\u00a0\u00a0 1 zeef<\/p>\n<p>&#8211;\u00a0\u00a0\u00a0\u00a0\u00a0\u00a0\u00a0 1 rasp<\/p>\n<p>&#8211;\u00a0\u00a0\u00a0\u00a0\u00a0\u00a0\u00a0 1 maatbeker<\/p>\n<p>&#8211;\u00a0\u00a0\u00a0\u00a0\u00a0\u00a0\u00a0 1 onderzetter<\/p>\n<p>&#8211;\u00a0\u00a0\u00a0\u00a0\u00a0\u00a0\u00a0 1 snijplank<\/p>\n<p>&#8211;\u00a0\u00a0\u00a0\u00a0\u00a0\u00a0\u00a0 1 vuilnisbak<\/p>\n<p>&#8211;\u00a0\u00a0\u00a0\u00a0\u00a0\u00a0\u00a0 1 WC borstel<\/p>\n<p>&#8211;\u00a0\u00a0\u00a0\u00a0\u00a0\u00a0\u00a0 een tweepersoonsbed met dekbed en kussen<\/p>\n<p>&#8211;\u00a0\u00a0\u00a0\u00a0\u00a0\u00a0\u00a0 3 eenpersoonsbedden met dekbedden en kussens.<\/p>\n<p>&#8211; 1 bezem<\/p>\n<p>-1 schrobber<\/p>\n<p>&#8211; 1 stoffer en blik<\/td>\n<td width=\"178\">&#8211;\u00a0 Koffiezetapparaat<\/p>\n<p>&#8211;\u00a0 1 broodrooster<\/p>\n<p>&#8211;\u00a0 1 televisie<\/p>\n<p>&#8211;\u00a0 1 plastiek kuip<\/p>\n<p>&#8211;\u00a0 1 emmer<\/p>\n<p>&#8211;\u00a0 1 magnetron<\/p>\n<p>&#8211;\u00a0 1 ijskast<\/p>\n<p>&#8211;\u00a0 1 wasmachine<\/p>\n<p>&#8211;\u00a0 1 droogrek<\/p>\n<p>&#8211;\u00a0 elektrische verwarming in elk vertrek<\/td>\n<\/tr>\n<\/tbody>\n<\/table>\n<p>[\/vc_column_text][\/vc_column][\/vc_row]<\/p>\n<\/div>","protected":false},"excerpt":{"rendered":"<p>[vc_row][vc_column el_class=&#8221;box_camdulac&#8221;][vc_column_text] Tarieven chalets [\/vc_column_text][vc_empty_space height=&#8221;20px&#8221;][vc_row_inner][vc_column_inner width=&#8221;3\/4&#8243;][vc_btn title=&#8221;Reserveren&#8221; style=&#8221;flat&#8221; shape=&#8221;square&#8221; align=&#8221;left&#8221; link=&#8221;url:https%3A%2F%2Fnaxiresa.inaxel.com%2Fetape1-criteres.php%3Flang%3D4%26compte%3Dlac65||target:%20_blank|&#8221; el_class=&#8221;btn_camping reservation&#8221;][vc_column_text][\/vc_column_text][vc_empty_space height=&#8221;20px&#8221;][vc_column_text]Toeristenbelasting = 0.86 \u20ac per persoon\u00a0 + de 18\u00a0jaar \/ nacht. Van 1 september t\/m 31 mei worden extra verwarmingskosten naar verbruik doorverrekend.[\/vc_column_text][\/vc_column_inner][vc_column_inner width=&#8221;1\/4&#8243; css=&#8221;.vc_custom_1469720844978{margin-right: 0px !important;margin-left: 0px !important;padding-right: 0px !important;padding-left: 0px !important;}&#8221;][vc_media_grid element_width=&#8221;12&#8243; gap=&#8221;10&#8243; item=&#8221;masonryMedia_Default&#8221; css=&#8221;&#8221; grid_id=&#8221;vc_gid:1773127952644-06868e3d-6fe3-8&#8243; include=&#8221;6254,2717,406&#8243;][\/vc_column_inner][\/vc_row_inner][\/vc_column][\/vc_row][vc_row][vc_column][vc_column_text] Beschrijving voor&hellip;<\/p>\n","protected":false},"author":1,"featured_media":0,"parent":0,"menu_order":0,"comment_status":"closed","ping_status":"closed","template":"","meta":{"footnotes":""},"class_list":["post-783","page","type-page","status-publish","hentry","description-off"],"yoast_head":"<!-- This site is optimized with the Yoast SEO plugin v24.5 - https:\/\/yoast.com\/wordpress\/plugins\/seo\/ -->\n<title>Tarieven chalets - Camping du lac Argel\u00e8s-Gazost<\/title>\n<meta name=\"robots\" content=\"index, follow, max-snippet:-1, max-image-preview:large, max-video-preview:-1\" \/>\n<link rel=\"canonical\" href=\"https:\/\/www.camping-du-lac-pyrenees.com\/nl\/reserveren-chalets\/\" \/>\n<meta property=\"og:locale\" content=\"nl_NL\" \/>\n<meta property=\"og:type\" content=\"article\" \/>\n<meta property=\"og:title\" content=\"Tarieven chalets - Camping du lac Argel\u00e8s-Gazost\" \/>\n<meta property=\"og:description\" content=\"[vc_row][vc_column el_class=&#8221;box_camdulac&#8221;][vc_column_text] Tarieven chalets [\/vc_column_text][vc_empty_space height=&#8221;20px&#8221;][vc_row_inner][vc_column_inner width=&#8221;3\/4&#8243;][vc_btn title=&#8221;Reserveren&#8221; style=&#8221;flat&#8221; shape=&#8221;square&#8221; align=&#8221;left&#8221; link=&#8221;url:https%3A%2F%2Fnaxiresa.inaxel.com%2Fetape1-criteres.php%3Flang%3D4%26compte%3Dlac65||target:%20_blank|&#8221; el_class=&#8221;btn_camping reservation&#8221;][vc_column_text][\/vc_column_text][vc_empty_space height=&#8221;20px&#8221;][vc_column_text]Toeristenbelasting = 0.86 \u20ac per persoon\u00a0 + de 18\u00a0jaar \/ nacht. Van 1 september t\/m 31 mei worden extra verwarmingskosten naar verbruik doorverrekend.[\/vc_column_text][\/vc_column_inner][vc_column_inner width=&#8221;1\/4&#8243; css=&#8221;.vc_custom_1469720844978{margin-right: 0px !important;margin-left: 0px !important;padding-right: 0px !important;padding-left: 0px !important;}&#8221;][vc_media_grid element_width=&#8221;12&#8243; gap=&#8221;10&#8243; item=&#8221;masonryMedia_Default&#8221; css=&#8221;&#8221; grid_id=&#8221;vc_gid:1773127952644-06868e3d-6fe3-8&#8243; include=&#8221;6254,2717,406&#8243;][\/vc_column_inner][\/vc_row_inner][\/vc_column][\/vc_row][vc_row][vc_column][vc_column_text] Beschrijving voor&hellip;\" \/>\n<meta property=\"og:url\" content=\"https:\/\/www.camping-du-lac-pyrenees.com\/nl\/reserveren-chalets\/\" \/>\n<meta property=\"og:site_name\" content=\"Camping du lac Argel\u00e8s-Gazost\" \/>\n<meta property=\"article:modified_time\" content=\"2026-03-10T07:33:00+00:00\" \/>\n<meta name=\"twitter:card\" content=\"summary_large_image\" \/>\n<meta name=\"twitter:label1\" content=\"Geschatte leestijd\" \/>\n\t<meta name=\"twitter:data1\" content=\"2 minuten\" \/>\n<script type=\"application\/ld+json\" class=\"yoast-schema-graph\">{\"@context\":\"https:\/\/schema.org\",\"@graph\":[{\"@type\":\"WebPage\",\"@id\":\"https:\/\/www.camping-du-lac-pyrenees.com\/nl\/reserveren-chalets\/\",\"url\":\"https:\/\/www.camping-du-lac-pyrenees.com\/nl\/reserveren-chalets\/\",\"name\":\"Tarieven chalets - Camping du lac Argel\u00e8s-Gazost\",\"isPartOf\":{\"@id\":\"https:\/\/www.camping-du-lac-pyrenees.com\/#website\"},\"datePublished\":\"2016-08-02T13:23:04+00:00\",\"dateModified\":\"2026-03-10T07:33:00+00:00\",\"breadcrumb\":{\"@id\":\"https:\/\/www.camping-du-lac-pyrenees.com\/nl\/reserveren-chalets\/#breadcrumb\"},\"inLanguage\":\"nl-NL\",\"potentialAction\":[{\"@type\":\"ReadAction\",\"target\":[\"https:\/\/www.camping-du-lac-pyrenees.com\/nl\/reserveren-chalets\/\"]}]},{\"@type\":\"BreadcrumbList\",\"@id\":\"https:\/\/www.camping-du-lac-pyrenees.com\/nl\/reserveren-chalets\/#breadcrumb\",\"itemListElement\":[{\"@type\":\"ListItem\",\"position\":1,\"name\":\"Accueil\",\"item\":\"https:\/\/www.camping-du-lac-pyrenees.com\/nl\/\"},{\"@type\":\"ListItem\",\"position\":2,\"name\":\"Tarieven chalets\"}]},{\"@type\":\"WebSite\",\"@id\":\"https:\/\/www.camping-du-lac-pyrenees.com\/#website\",\"url\":\"https:\/\/www.camping-du-lac-pyrenees.com\/\",\"name\":\"Camping du lac Argel\u00e8s-Gazost\",\"description\":\"Hautes-Pyr\u00e9n\u00e9es\",\"potentialAction\":[{\"@type\":\"SearchAction\",\"target\":{\"@type\":\"EntryPoint\",\"urlTemplate\":\"https:\/\/www.camping-du-lac-pyrenees.com\/?s={search_term_string}\"},\"query-input\":{\"@type\":\"PropertyValueSpecification\",\"valueRequired\":true,\"valueName\":\"search_term_string\"}}],\"inLanguage\":\"nl-NL\"}]}<\/script>\n<!-- \/ Yoast SEO plugin. -->","yoast_head_json":{"title":"Tarieven chalets - Camping du lac Argel\u00e8s-Gazost","robots":{"index":"index","follow":"follow","max-snippet":"max-snippet:-1","max-image-preview":"max-image-preview:large","max-video-preview":"max-video-preview:-1"},"canonical":"https:\/\/www.camping-du-lac-pyrenees.com\/nl\/reserveren-chalets\/","og_locale":"nl_NL","og_type":"article","og_title":"Tarieven chalets - Camping du lac Argel\u00e8s-Gazost","og_description":"[vc_row][vc_column el_class=&#8221;box_camdulac&#8221;][vc_column_text] Tarieven chalets [\/vc_column_text][vc_empty_space height=&#8221;20px&#8221;][vc_row_inner][vc_column_inner width=&#8221;3\/4&#8243;][vc_btn title=&#8221;Reserveren&#8221; style=&#8221;flat&#8221; shape=&#8221;square&#8221; align=&#8221;left&#8221; link=&#8221;url:https%3A%2F%2Fnaxiresa.inaxel.com%2Fetape1-criteres.php%3Flang%3D4%26compte%3Dlac65||target:%20_blank|&#8221; el_class=&#8221;btn_camping reservation&#8221;][vc_column_text][\/vc_column_text][vc_empty_space height=&#8221;20px&#8221;][vc_column_text]Toeristenbelasting = 0.86 \u20ac per persoon\u00a0 + de 18\u00a0jaar \/ nacht. Van 1 september t\/m 31 mei worden extra verwarmingskosten naar verbruik doorverrekend.[\/vc_column_text][\/vc_column_inner][vc_column_inner width=&#8221;1\/4&#8243; css=&#8221;.vc_custom_1469720844978{margin-right: 0px !important;margin-left: 0px !important;padding-right: 0px !important;padding-left: 0px !important;}&#8221;][vc_media_grid element_width=&#8221;12&#8243; gap=&#8221;10&#8243; item=&#8221;masonryMedia_Default&#8221; css=&#8221;&#8221; grid_id=&#8221;vc_gid:1773127952644-06868e3d-6fe3-8&#8243; include=&#8221;6254,2717,406&#8243;][\/vc_column_inner][\/vc_row_inner][\/vc_column][\/vc_row][vc_row][vc_column][vc_column_text] Beschrijving voor&hellip;","og_url":"https:\/\/www.camping-du-lac-pyrenees.com\/nl\/reserveren-chalets\/","og_site_name":"Camping du lac Argel\u00e8s-Gazost","article_modified_time":"2026-03-10T07:33:00+00:00","twitter_card":"summary_large_image","twitter_misc":{"Geschatte leestijd":"2 minuten"},"schema":{"@context":"https:\/\/schema.org","@graph":[{"@type":"WebPage","@id":"https:\/\/www.camping-du-lac-pyrenees.com\/nl\/reserveren-chalets\/","url":"https:\/\/www.camping-du-lac-pyrenees.com\/nl\/reserveren-chalets\/","name":"Tarieven chalets - Camping du lac Argel\u00e8s-Gazost","isPartOf":{"@id":"https:\/\/www.camping-du-lac-pyrenees.com\/#website"},"datePublished":"2016-08-02T13:23:04+00:00","dateModified":"2026-03-10T07:33:00+00:00","breadcrumb":{"@id":"https:\/\/www.camping-du-lac-pyrenees.com\/nl\/reserveren-chalets\/#breadcrumb"},"inLanguage":"nl-NL","potentialAction":[{"@type":"ReadAction","target":["https:\/\/www.camping-du-lac-pyrenees.com\/nl\/reserveren-chalets\/"]}]},{"@type":"BreadcrumbList","@id":"https:\/\/www.camping-du-lac-pyrenees.com\/nl\/reserveren-chalets\/#breadcrumb","itemListElement":[{"@type":"ListItem","position":1,"name":"Accueil","item":"https:\/\/www.camping-du-lac-pyrenees.com\/nl\/"},{"@type":"ListItem","position":2,"name":"Tarieven chalets"}]},{"@type":"WebSite","@id":"https:\/\/www.camping-du-lac-pyrenees.com\/#website","url":"https:\/\/www.camping-du-lac-pyrenees.com\/","name":"Camping du lac Argel\u00e8s-Gazost","description":"Hautes-Pyr\u00e9n\u00e9es","potentialAction":[{"@type":"SearchAction","target":{"@type":"EntryPoint","urlTemplate":"https:\/\/www.camping-du-lac-pyrenees.com\/?s={search_term_string}"},"query-input":{"@type":"PropertyValueSpecification","valueRequired":true,"valueName":"search_term_string"}}],"inLanguage":"nl-NL"}]}},"_links":{"self":[{"href":"https:\/\/www.camping-du-lac-pyrenees.com\/nl\/wp-json\/wp\/v2\/pages\/783","targetHints":{"allow":["GET"]}}],"collection":[{"href":"https:\/\/www.camping-du-lac-pyrenees.com\/nl\/wp-json\/wp\/v2\/pages"}],"about":[{"href":"https:\/\/www.camping-du-lac-pyrenees.com\/nl\/wp-json\/wp\/v2\/types\/page"}],"author":[{"embeddable":true,"href":"https:\/\/www.camping-du-lac-pyrenees.com\/nl\/wp-json\/wp\/v2\/users\/1"}],"replies":[{"embeddable":true,"href":"https:\/\/www.camping-du-lac-pyrenees.com\/nl\/wp-json\/wp\/v2\/comments?post=783"}],"version-history":[{"count":16,"href":"https:\/\/www.camping-du-lac-pyrenees.com\/nl\/wp-json\/wp\/v2\/pages\/783\/revisions"}],"predecessor-version":[{"id":6260,"href":"https:\/\/www.camping-du-lac-pyrenees.com\/nl\/wp-json\/wp\/v2\/pages\/783\/revisions\/6260"}],"wp:attachment":[{"href":"https:\/\/www.camping-du-lac-pyrenees.com\/nl\/wp-json\/wp\/v2\/media?parent=783"}],"curies":[{"name":"wp","href":"https:\/\/api.w.org\/{rel}","templated":true}]}}